{"id":6343,"date":"2023-11-20T09:49:01","date_gmt":"2023-11-20T09:49:01","guid":{"rendered":"https:\/\/tenstar.kustitutveckling2.se\/integritetspolicy\/"},"modified":"2024-02-06T09:01:58","modified_gmt":"2024-02-06T09:01:58","slug":"integritetspolicy","status":"publish","type":"page","link":"https:\/\/tenstarsimulation.com\/sv\/integritetspolicy\/","title":{"rendered":"Integritetspolicy"},"content":{"rendered":"\t\t<div data-elementor-type=\"wp-page\" data-elementor-id=\"6343\" class=\"elementor elementor-6343 elementor-823\" data-elementor-post-type=\"page\">\n\t\t\t\t<div class=\"elementor-element elementor-element-64204ff e-flex e-con-boxed e-con e-parent\" data-id=\"64204ff\" data-element_type=\"container\" data-e-type=\"container\">\n\t\t\t\t\t<div class=\"e-con-inner\">\n\t\t\t\t<div class=\"elementor-element elementor-element-f921218 elementor-widget elementor-widget-spacer\" data-id=\"f921218\" data-element_type=\"widget\" data-e-type=\"widget\" data-widget_type=\"spacer.default\">\n\t\t\t\t<div class=\"elementor-widget-container\">\n\t\t\t\t\t\t\t<div class=\"elementor-spacer\">\n\t\t\t<div class=\"elementor-spacer-inner\"><\/div>\n\t\t<\/div>\n\t\t\t\t\t\t<\/div>\n\t\t\t\t<\/div>\n\t\t\t\t<div class=\"elementor-element elementor-element-fd45683 elementor-widget elementor-widget-heading\" data-id=\"fd45683\" data-element_type=\"widget\" data-e-type=\"widget\" data-widget_type=\"heading.default\">\n\t\t\t\t<div class=\"elementor-widget-container\">\n\t\t\t\t\t<h1 class=\"elementor-heading-title elementor-size-default\">SEKRETESSPOLICY<\/h1>\t\t\t\t<\/div>\n\t\t\t\t<\/div>\n\t\t\t\t\t<\/div>\n\t\t\t\t<\/div>\n\t\t<div class=\"elementor-element elementor-element-5823c2f e-flex e-con-boxed e-con e-parent\" data-id=\"5823c2f\" data-element_type=\"container\" data-e-type=\"container\">\n\t\t\t\t\t<div class=\"e-con-inner\">\n\t\t\t\t<div class=\"elementor-element elementor-element-b8fb7f1 elementor-widget elementor-widget-text-editor\" data-id=\"b8fb7f1\" data-element_type=\"widget\" data-e-type=\"widget\" data-widget_type=\"text-editor.default\">\n\t\t\t\t<div class=\"elementor-widget-container\">\n\t\t\t\t\t\t\t\t\t<article class=\" \">\n<div class=\"container grid-md\">\n<div class=\"columns firstTop\">\n<div class=\" column\">\n<p>Tenstar Simulation AB och Tenstar AB, v\u00e4rnar om din personliga integritet. Vi str\u00e4var d\u00e4rf\u00f6r efter att alltid skydda dina personuppgifter p\u00e5 b\u00e4sta m\u00f6jliga s\u00e4tt och f\u00f6lja alla till\u00e4mpliga lagar och f\u00f6rordningar om skydd av personuppgifter.<\/p>\n<p>Denna policy g\u00e4ller f\u00f6r all kundinformation som samlas in via www.tenstarsimulation.com, telefon och e-post. Policyn g\u00e4ller \u00e4ven f\u00f6r dig som \u00e4r registrerad hos oss.<\/p>\n<p>Tenstar Simulation AB, Org. Nr 556786-5570, Tenstar AB org nr 556703-2684, med adress Storemyrsv\u00e4gen 2, 457 31 Tanumshede e-post info@tenstarsimulation.com, \u00e4r personuppgiftsansvarig f\u00f6r behandlingen av dina personuppgifter.<\/p>\n<h3>BEHANDLING AV PERSONUPPGIFTER<\/h3>\n<p>De personuppgifter vi behandlar \u00e4r den information du har l\u00e4mnat till oss, s\u00e5som ditt namn, din e-postadress, leveransadress och telefonnummer. Dessa uppgifter behandlas f\u00f6r att administrera ditt k\u00f6p och fullg\u00f6ra v\u00e5ra \u00e5taganden gentemot dig som kund. F\u00f6r detta \u00e4ndam\u00e5l kan vi komma att dela ovan n\u00e4mnda personuppgifter med v\u00e5ra partners, s\u00e5som betalningsf\u00f6rmedlare och kreditf\u00f6retag f\u00f6r betalnings- eller kreditinformation, transportf\u00f6retag f\u00f6r transport av din best\u00e4llning till den valda leveransadressen. Den lagliga grunden f\u00f6r v\u00e5r behandling \u00e4r att den \u00e4r n\u00f6dv\u00e4ndig f\u00f6r att vi ska kunna fullg\u00f6ra avtalet avseende ditt k\u00f6p. Om informationen inte l\u00e4mnas till oss kan vi inte fullg\u00f6ra v\u00e5ra \u00e5taganden i f\u00f6rh\u00e5llande till dig.<\/p>\n<p>Vi vill g\u00e4rna att du forts\u00e4tter att vara kund hos oss och f\u00e5r v\u00e5ra erbjudanden och uppgraderingar, vi kommer ocks\u00e5 att anv\u00e4nda din e-postadress, adress och ditt telefonnummer f\u00f6r att skicka ut v\u00e5ra nyhetsbrev via e-post. Den r\u00e4ttsliga grunden f\u00f6r v\u00e5r behandling av dessa personuppgifter i syfte att skicka nyhetsbrev \u00e4r v\u00e5rt ber\u00e4ttigade intresse av att kommunicera med dig som kund i marknadsf\u00f6ringssyfte. F\u00f6r detta \u00e4ndam\u00e5l kan vi ocks\u00e5 dela dina personuppgifter med reklambyr\u00e5er f\u00f6r t.ex. tryckning och distribution.<\/p>\n<p>Ut\u00f6ver de personuppgifter som n\u00e4mns ovan behandlar vi dig som en registrerad kund, \u00e4ven din orderhistorik. Den r\u00e4ttsliga grunden f\u00f6r behandlingen \u00e4r ditt samtycke som du l\u00e4mnade n\u00e4r du blev kund hos oss. Personuppgifter behandlas f\u00f6r att vi ska kunna hantera dig som kund, underl\u00e4tta f\u00f6r dig som anv\u00e4ndare samt f\u00f6r utskick av nyhetsbrev. Informationen kan ocks\u00e5 anv\u00e4ndas f\u00f6r post- och e-postutskick tills du \u00e5terkallar ditt samtycke. Din orderhistorik behandlas f\u00f6r att h\u00e5lla reda p\u00e5 dina tidigare best\u00e4llningar. Vi behandlar endast ditt f\u00f6delsedatum f\u00f6r att ans\u00f6ka om att hyra eller leasa v\u00e5ra produkter hos externa kreditf\u00f6retag.<\/p>\n<h3>COOKIES<\/h3>\n<p>P\u00e5 v\u00e5r webbplats anv\u00e4nds cookies, dvs. sm\u00e5 textfiler som lagras p\u00e5 bes\u00f6karens dator och som bl.a. kan spara personliga inst\u00e4llningar och ge dig m\u00f6jlighet att f\u00f6lja vad bes\u00f6karen g\u00f6r p\u00e5 webbplatsen. N\u00e4r du bes\u00f6ker v\u00e5r webbplats kommer du att f\u00e5 ett popup-f\u00f6nster l\u00e4ngst ner p\u00e5 sidan d\u00e4r du kan godk\u00e4nna cookies.<\/p>\n<p>Vissa cookies \u00e4r n\u00f6dv\u00e4ndiga f\u00f6r att visa inneh\u00e5llet p\u00e5 v\u00e5r webbplats och dessa kan inte inaktiveras om du vill kunna f\u00e5 tillg\u00e5ng till alla funktioner p\u00e5 v\u00e5r webbplats. Dessa cookies lagrar ingen information som kan identifiera dig som enskild person. Vissa cookies \u00e4r tillg\u00e4ngliga f\u00f6r att f\u00f6rb\u00e4ttra din anv\u00e4ndarupplevelse n\u00e4r du bes\u00f6ker v\u00e5r webbplats. I denna kategori ing\u00e5r cookies f\u00f6r f\u00f6ljande \u00e4ndam\u00e5l:<\/p>\n<p>Cookies f\u00f6r anslutningskontroll (s\u00e5 kallade sessionscookies) vars syfte \u00e4r att identifiera och autentisera anv\u00e4ndaren n\u00e4r denne bes\u00f6ker webbplatsen. En sessionscookie inneh\u00e5ller en slumpm\u00e4ssig str\u00e4ng (sessions-ID) som tilldelas bes\u00f6karens enhet. Sessionscookies anv\u00e4nds t.ex. f\u00f6r att st\u00e4lla in och komma ih\u00e5g vissa anv\u00e4ndarinst\u00e4llningar som spr\u00e5k eller f\u00f6rifyllda formul\u00e4r, allt f\u00f6r att underl\u00e4tta f\u00f6r dig som bes\u00f6kare.<\/p>\n<p>Vi anv\u00e4nder analyscookies f\u00f6r att utv\u00e4rdera och f\u00f6ra statistik \u00f6ver v\u00e5ra bes\u00f6kares \u00f6vergripande beteende p\u00e5 v\u00e5r webbplats. Vilka externa sidor bes\u00f6kare kommer till v\u00e5r webbplats, vilka fr\u00e5gor som anv\u00e4nds och vilka sidor som bes\u00f6ks mest frekvent.<\/p>\n<h3>HUR L\u00c4NGE SPARAS DINA PERSONUPPGIFTER?<\/h3>\n<p>Dina personuppgifter kommer inte att sparas under en l\u00e4ngre tid \u00e4n vad som \u00e4r n\u00f6dv\u00e4ndigt f\u00f6r att fullg\u00f6ra v\u00e5ra \u00e5taganden i samband med aff\u00e4ren. Om du uttryckligen har gett ditt samtycke till att f\u00e5 nyhetsbrev kommer vi att spara dina kontaktuppgifter tills du ber oss att sluta skicka nyhetsbrev. Dina personuppgifter kan sparas ytterligare i den utstr\u00e4ckning som vi \u00e4r skyldiga att g\u00f6ra det enligt lag. F\u00f6r dig som \u00e4r kund hos oss behandlar vi dock alla dina personuppgifter tills du meddelar oss att vi ska ta bort dig som kund eller beg\u00e4r att vi ska radera viss information.<\/p>\n<h3>\u00d6VERF\u00d6RING AV PERSONUPPGIFTER<\/h3>\n<p>Vi, och i f\u00f6rekommande fall v\u00e5ra partners, har vidtagit flera s\u00e4kerhets\u00e5tg\u00e4rder f\u00f6r att skydda de personuppgifter som behandlas. Vi har brandv\u00e4ggar och antivirusprogram f\u00f6r att skydda och f\u00f6rhindra obeh\u00f6rig \u00e5tkomst till v\u00e5ra n\u00e4tverk och system. V\u00e5ra medarbetare har strikta instruktioner om att hantera alla personuppgifter i enlighet med g\u00e4llande lagar och f\u00f6rordningar. Endast vissa av v\u00e5ra anst\u00e4llda har tillg\u00e5ng till de utrymmen och system d\u00e4r personuppgifter lagras och l\u00f6senord och anv\u00e4ndarnamn kr\u00e4vs f\u00f6r att logga in p\u00e5 dessa system.<\/p>\n<h3>DINA R\u00c4TTIGHETER<\/h3>\n<p>Du har r\u00e4tt att n\u00e4r som helst \u00e5terkalla hela eller delar av ett l\u00e4mnat samtycke till behandling av personuppgifter. \u00c5terkallandet av ditt samtycke kommer dock inte att p\u00e5verka v\u00e5r behandling av dina personuppgifter innan \u00e5terkallandet \u00e4gde rum. Du har ocks\u00e5 r\u00e4tt att n\u00e4r som helst inv\u00e4nda mot behandlingen av dina personuppgifter f\u00f6r marknadsf\u00f6ring. I enlighet med till\u00e4mpliga sekretesslagar har du ocks\u00e5 r\u00e4tt att kostnadsfritt f\u00e5 information om dina personuppgifter som behandlas av oss en g\u00e5ng per kalender\u00e5r. Om du vill ha s\u00e5dan information, v\u00e4nligen skicka oss en skriftlig beg\u00e4ran per post till den adress som anges under kontakt (beg\u00e4ran kan inte skickas via e-post). Den skriftliga beg\u00e4ran m\u00e5ste vara undertecknad av dig.<\/p>\n<p>Du har ocks\u00e5 r\u00e4tt att f\u00e5 ut de personuppgifter som r\u00f6r dig och som du l\u00e4mnat till oss i ett strukturerat, allm\u00e4nt anv\u00e4nt och maskinl\u00e4sbart format och har r\u00e4tt att \u00f6verf\u00f6ra dem till en annan personligen ansvarig person (dataportabilitet).<\/p>\n<p>Om dina personuppgifter behandlas i strid med till\u00e4mpliga sekretesslagar har du r\u00e4tt att beg\u00e4ra att personuppgifterna korrigeras, blockeras eller raderas. Du har ocks\u00e5 r\u00e4tt att kr\u00e4va att behandlingen begr\u00e4nsas. Du kan ocks\u00e5 l\u00e4mna klagom\u00e5l till Datainspektionen som \u00f6vervakar f\u00f6retagens hantering av personuppgifter.<\/p>\n<h3>\u00c4NDRING AV INTEGRITETSPOLICY<\/h3>\n<p>Vi f\u00f6rbeh\u00e5ller oss r\u00e4tten att n\u00e4r som helst \u00e4ndra v\u00e5r integritetspolicy. Du kan se status efter datum f\u00f6r inf\u00f6rande av denna sekretesspolicy i b\u00f6rjan av detta dokument.<\/p>\n<\/div>\n<\/div>\n<\/div>\n<\/article>\n\t\t\t\t\t\t\t\t<\/div>\n\t\t\t\t<\/div>\n\t\t\t\t\t<\/div>\n\t\t\t\t<\/div>\n\t\t\t\t<\/div>\n\t\t","protected":false},"excerpt":{"rendered":"<p>SEKRETESSPOLICY Tenstar Simulation AB och Tenstar AB, v\u00e4rnar om din personliga integritet. Vi str\u00e4var d\u00e4rf\u00f6r efter att alltid skydda dina personuppgifter p\u00e5 b\u00e4sta m\u00f6jliga s\u00e4tt och f\u00f6lja alla till\u00e4mpliga lagar och f\u00f6rordningar om skydd av personuppgifter. Denna policy g\u00e4ller f\u00f6r all kundinformation som samlas in via www.tenstarsimulation.com, telefon och e-post. Policyn g\u00e4ller \u00e4ven f\u00f6r dig [&hellip;]<\/p>\n","protected":false},"author":2,"featured_media":0,"parent":0,"menu_order":0,"comment_status":"closed","ping_status":"closed","template":"","meta":{"footnotes":""},"class_list":["post-6343","page","type-page","status-publish","hentry"],"_links":{"self":[{"href":"https:\/\/tenstarsimulation.com\/sv\/wp-json\/wp\/v2\/pages\/6343","targetHints":{"allow":["GET"]}}],"collection":[{"href":"https:\/\/tenstarsimulation.com\/sv\/wp-json\/wp\/v2\/pages"}],"about":[{"href":"https:\/\/tenstarsimulation.com\/sv\/wp-json\/wp\/v2\/types\/page"}],"author":[{"embeddable":true,"href":"https:\/\/tenstarsimulation.com\/sv\/wp-json\/wp\/v2\/users\/2"}],"replies":[{"embeddable":true,"href":"https:\/\/tenstarsimulation.com\/sv\/wp-json\/wp\/v2\/comments?post=6343"}],"version-history":[{"count":1,"href":"https:\/\/tenstarsimulation.com\/sv\/wp-json\/wp\/v2\/pages\/6343\/revisions"}],"predecessor-version":[{"id":6344,"href":"https:\/\/tenstarsimulation.com\/sv\/wp-json\/wp\/v2\/pages\/6343\/revisions\/6344"}],"wp:attachment":[{"href":"https:\/\/tenstarsimulation.com\/sv\/wp-json\/wp\/v2\/media?parent=6343"}],"curies":[{"name":"wp","href":"https:\/\/api.w.org\/{rel}","templated":true}]}}