{"id":5805,"date":"2023-11-20T09:22:35","date_gmt":"2023-11-20T09:22:35","guid":{"rendered":"https:\/\/tenstar.kustitutveckling2.se\/om-tenstar-2\/"},"modified":"2024-01-30T09:19:45","modified_gmt":"2024-01-30T09:19:45","slug":"om-tenstar-2-2","status":"publish","type":"page","link":"https:\/\/tenstarsimulation.com\/sv\/om-tenstar-2-2\/","title":{"rendered":"Om Tenstar"},"content":{"rendered":"\t\t<div data-elementor-type=\"wp-page\" data-elementor-id=\"5805\" class=\"elementor elementor-5805\" data-elementor-post-type=\"page\">\n\t\t\t\t<div class=\"elementor-element elementor-element-a803c58 e-flex e-con-boxed e-con e-parent\" data-id=\"a803c58\" data-element_type=\"container\" data-e-type=\"container\">\n\t\t\t\t\t<div class=\"e-con-inner\">\n\t\t\t\t<div class=\"elementor-element elementor-element-9e40251 elementor-widget elementor-widget-spacer\" data-id=\"9e40251\" data-element_type=\"widget\" data-e-type=\"widget\" data-widget_type=\"spacer.default\">\n\t\t\t\t<div class=\"elementor-widget-container\">\n\t\t\t\t\t\t\t<div class=\"elementor-spacer\">\n\t\t\t<div class=\"elementor-spacer-inner\"><\/div>\n\t\t<\/div>\n\t\t\t\t\t\t<\/div>\n\t\t\t\t<\/div>\n\t\t\t\t<div class=\"elementor-element elementor-element-d328de1 elementor-widget elementor-widget-heading\" data-id=\"d328de1\" data-element_type=\"widget\" data-e-type=\"widget\" data-widget_type=\"heading.default\">\n\t\t\t\t<div class=\"elementor-widget-container\">\n\t\t\t\t\t<h1 class=\"elementor-heading-title elementor-size-default\">WELCOME TO OUR WORLD OF SIMULATION!\n<\/h1>\t\t\t\t<\/div>\n\t\t\t\t<\/div>\n\t\t\t\t<div class=\"elementor-element elementor-element-b8a1391 elementor-widget elementor-widget-text-editor\" data-id=\"b8a1391\" data-element_type=\"widget\" data-e-type=\"widget\" data-widget_type=\"text-editor.default\">\n\t\t\t\t<div class=\"elementor-widget-container\">\n\t\t\t\t\t\t\t\t\t<p><span class=\"ui-provider ee bha bhb bhc bhd bhe bhf bhg bhh bhi bhj bhk bhl bhm bhn bho bhp bhq bhr bhs bht bhu bhv bhw bhx bhy bhz bia bib bic bid bie bif big bih\" dir=\"ltr\">Tenstar Simulation har en vision att f\u00f6r\u00e4ndra v\u00e4rlden. Vi utvecklar och s\u00e4ljer simulatorbaserade utbildningsverktyg f\u00f6r skolor och tr\u00e4ningsf\u00f6retag inom jordbruk, byggbranschen, transport, trafik och skogssektorn. Genom detta bidrar vi till en mer effektiv, s\u00e4ker och milj\u00f6v\u00e4nlig utbildningsmilj\u00f6 f\u00f6r framtidens maskin- och fordonf\u00f6rare.   <\/span><\/p>\n\t\t\t\t\t\t\t\t<\/div>\n\t\t\t\t<\/div>\n\t\t\t\t<div class=\"elementor-element elementor-element-e190c8e elementor-widget elementor-widget-text-editor\" data-id=\"e190c8e\" data-element_type=\"widget\" data-e-type=\"widget\" data-widget_type=\"text-editor.default\">\n\t\t\t\t<div class=\"elementor-widget-container\">\n\t\t\t\t\t\t\t\t\t<div class=\" col-md-12 column\">\n<p>Vi tror att f\u00f6r att en simulator ska vara ett effektivt tr\u00e4ningsverktyg m\u00e5ste den vara realistisk och kombineras med metodiska l\u00e4roverktyg. D\u00e4rf\u00f6r l\u00e4gger vi ner mycket anstr\u00e4ngning p\u00e5 att tillhandah\u00e5lla just detta. Med omfattande tr\u00e4ningsprogram och effektiva l\u00e4roverktyg, tillsammans med professionell h\u00e5rdvara och verklighetstrogna grafik, tr\u00e4nar anv\u00e4ndare i realistiska virtuella tr\u00e4ningsmilj\u00f6er.   <\/p>\n<\/p>\n<p>F\u00f6retaget grundades \u00e5r 2009 av Freddy Lund, som \u00e4r f\u00f6retagets \u00e4gare och VD. Hans vision \u00e4r en stor del av vad vi \u00e4r idag och vart vi \u00e4r p\u00e5 v\u00e4g. Vi \u00e4r ett snabbv\u00e4xande och innovativt f\u00f6retag som expanderar \u00f6ver hela v\u00e4rlden och forts\u00e4tter att v\u00e4xa p\u00e5 alla s\u00e4tt.  <\/p>\n<\/p>\n<p>V\u00e5rt huvudkontor \u00e4r baserat i Tanumshede i norra Bohusl\u00e4n, Sverige, men vi \u00e4r ett h\u00f6gt globalt f\u00f6retag med s\u00e4ljrepresentanter och \u00e5terf\u00f6rs\u00e4ljare \u00f6ver hela v\u00e4rlden. V\u00e5ra simulatorer finns p\u00e5 varje kontinent, och vi har bara b\u00f6rjat. <\/p>\n<\/p>\n<\/div>\n\t\t\t\t\t\t\t\t<\/div>\n\t\t\t\t<\/div>\n\t\t\t\t\t<\/div>\n\t\t\t\t<\/div>\n\t\t<div class=\"elementor-element elementor-element-4f360b1 e-flex e-con-boxed e-con e-parent\" data-id=\"4f360b1\" data-element_type=\"container\" data-e-type=\"container\">\n\t\t\t\t\t<div class=\"e-con-inner\">\n\t\t\t\t<div class=\"elementor-element elementor-element-0dce081 elementor-widget elementor-widget-heading\" data-id=\"0dce081\" data-element_type=\"widget\" data-e-type=\"widget\" data-widget_type=\"heading.default\">\n\t\t\t\t<div class=\"elementor-widget-container\">\n\t\t\t\t\t<h2 class=\"elementor-heading-title elementor-size-default\">V\u00e5r mission \u00e4r att minimera utsl\u00e4pp, \u00f6ka effektiviteten och f\u00f6rb\u00e4trra s\u00e4kerheten under och efter anv\u00e4ndarnas tr\u00e4ning med maskiner och fordon.<\/h2>\t\t\t\t<\/div>\n\t\t\t\t<\/div>\n\t\t\t\t<div class=\"elementor-element elementor-element-bf81d57 elementor-widget elementor-widget-spacer\" data-id=\"bf81d57\" data-element_type=\"widget\" data-e-type=\"widget\" data-widget_type=\"spacer.default\">\n\t\t\t\t<div class=\"elementor-widget-container\">\n\t\t\t\t\t\t\t<div class=\"elementor-spacer\">\n\t\t\t<div class=\"elementor-spacer-inner\"><\/div>\n\t\t<\/div>\n\t\t\t\t\t\t<\/div>\n\t\t\t\t<\/div>\n\t\t\t\t\t<\/div>\n\t\t\t\t<\/div>\n\t\t\t\t<\/div>\n\t\t","protected":false},"excerpt":{"rendered":"<p>WELCOME TO OUR WORLD OF SIMULATION! Tenstar Simulation har en vision att f\u00f6r\u00e4ndra v\u00e4rlden. Vi utvecklar och s\u00e4ljer simulatorbaserade utbildningsverktyg f\u00f6r skolor och tr\u00e4ningsf\u00f6retag inom jordbruk, byggbranschen, transport, trafik och skogssektorn. Genom detta bidrar vi till en mer effektiv, s\u00e4ker och milj\u00f6v\u00e4nlig utbildningsmilj\u00f6 f\u00f6r framtidens maskin- och fordonf\u00f6rare. Vi tror att f\u00f6r att en simulator [&hellip;]<\/p>\n","protected":false},"author":2,"featured_media":0,"parent":0,"menu_order":0,"comment_status":"closed","ping_status":"closed","template":"","meta":{"footnotes":""},"class_list":["post-5805","page","type-page","status-publish","hentry"],"_links":{"self":[{"href":"https:\/\/tenstarsimulation.com\/sv\/wp-json\/wp\/v2\/pages\/5805","targetHints":{"allow":["GET"]}}],"collection":[{"href":"https:\/\/tenstarsimulation.com\/sv\/wp-json\/wp\/v2\/pages"}],"about":[{"href":"https:\/\/tenstarsimulation.com\/sv\/wp-json\/wp\/v2\/types\/page"}],"author":[{"embeddable":true,"href":"https:\/\/tenstarsimulation.com\/sv\/wp-json\/wp\/v2\/users\/2"}],"replies":[{"embeddable":true,"href":"https:\/\/tenstarsimulation.com\/sv\/wp-json\/wp\/v2\/comments?post=5805"}],"version-history":[{"count":1,"href":"https:\/\/tenstarsimulation.com\/sv\/wp-json\/wp\/v2\/pages\/5805\/revisions"}],"predecessor-version":[{"id":5807,"href":"https:\/\/tenstarsimulation.com\/sv\/wp-json\/wp\/v2\/pages\/5805\/revisions\/5807"}],"wp:attachment":[{"href":"https:\/\/tenstarsimulation.com\/sv\/wp-json\/wp\/v2\/media?parent=5805"}],"curies":[{"name":"wp","href":"https:\/\/api.w.org\/{rel}","templated":true}]}}