{"id":8772,"date":"2024-03-27T15:12:05","date_gmt":"2024-03-27T15:12:05","guid":{"rendered":"https:\/\/tenstarsimulation.com\/?page_id=8772"},"modified":"2026-02-06T08:52:36","modified_gmt":"2026-02-06T07:52:36","slug":"simulatordagarna-2026","status":"publish","type":"page","link":"https:\/\/tenstarsimulation.com\/fr\/simulatordagarna-2026\/","title":{"rendered":"Simulatordagarna 2026"},"content":{"rendered":"\t\t<div data-elementor-type=\"wp-page\" data-elementor-id=\"8772\" class=\"elementor elementor-8772\" data-elementor-post-type=\"page\">\n\t\t\t\t<div class=\"elementor-element elementor-element-3178c0f4 e-flex e-con-boxed e-con e-parent\" data-id=\"3178c0f4\" data-element_type=\"container\" data-e-type=\"container\" data-settings=\"{&quot;background_background&quot;:&quot;classic&quot;}\">\n\t\t\t\t\t<div class=\"e-con-inner\">\n\t\t\t\t<div class=\"elementor-element elementor-element-515d0d8 elementor-widget elementor-widget-spacer\" data-id=\"515d0d8\" data-element_type=\"widget\" data-e-type=\"widget\" data-widget_type=\"spacer.default\">\n\t\t\t\t<div class=\"elementor-widget-container\">\n\t\t\t\t\t\t\t<div class=\"elementor-spacer\">\n\t\t\t<div class=\"elementor-spacer-inner\"><\/div>\n\t\t<\/div>\n\t\t\t\t\t\t<\/div>\n\t\t\t\t<\/div>\n\t\t<div class=\"elementor-element elementor-element-375f5908 e-con-full e-flex e-con e-child\" data-id=\"375f5908\" data-element_type=\"container\" data-e-type=\"container\">\n\t\t\t\t<div class=\"elementor-element elementor-element-39ebe385 elementor-widget elementor-widget-heading\" data-id=\"39ebe385\" data-element_type=\"widget\" data-e-type=\"widget\" data-widget_type=\"heading.default\">\n\t\t\t\t<div class=\"elementor-widget-container\">\n\t\t\t\t\t<h2 class=\"elementor-heading-title elementor-size-default\">SIMULATORDAGARNA 2026<\/h2>\t\t\t\t<\/div>\n\t\t\t\t<\/div>\n\t\t\t\t<div class=\"elementor-element elementor-element-5fa10b3b elementor-widget elementor-widget-text-editor\" data-id=\"5fa10b3b\" data-element_type=\"widget\" data-e-type=\"widget\" data-widget_type=\"text-editor.default\">\n\t\t\t\t<div class=\"elementor-widget-container\">\n\t\t\t\t\t\t\t\t\t<p class=\"p1\">V\u00e4lkommen att delta p\u00e5 Tenstar Simulatordagar fyllda med inspiration, kunskap och m\u00f6jligheter till n\u00e4tverkande, arrangerade av Tenstar Simulation<\/p>\t\t\t\t\t\t\t\t<\/div>\n\t\t\t\t<\/div>\n\t\t<div class=\"elementor-element elementor-element-73185704 e-flex e-con-boxed e-con e-child\" data-id=\"73185704\" data-element_type=\"container\" data-e-type=\"container\" data-settings=\"{&quot;background_background&quot;:&quot;classic&quot;}\">\n\t\t\t\t\t<div class=\"e-con-inner\">\n\t\t\t\t<div class=\"elementor-element elementor-element-1ee42b34 elementor-widget elementor-widget-heading\" data-id=\"1ee42b34\" data-element_type=\"widget\" data-e-type=\"widget\" data-widget_type=\"heading.default\">\n\t\t\t\t<div class=\"elementor-widget-container\">\n\t\t\t\t\t<h2 class=\"elementor-heading-title elementor-size-default\">Anm\u00e4lan<\/h2>\t\t\t\t<\/div>\n\t\t\t\t<\/div>\n\t\t\t\t<div class=\"elementor-element elementor-element-1296388c elementor-button-align-center elementor-widget elementor-widget-form\" data-id=\"1296388c\" data-element_type=\"widget\" data-e-type=\"widget\" data-settings=\"{&quot;step_next_label&quot;:&quot;Next&quot;,&quot;step_previous_label&quot;:&quot;Previous&quot;,&quot;button_width&quot;:&quot;100&quot;,&quot;step_type&quot;:&quot;number_text&quot;,&quot;step_icon_shape&quot;:&quot;circle&quot;}\" data-widget_type=\"form.default\">\n\t\t\t\t<div class=\"elementor-widget-container\">\n\t\t\t\t\t\t\t<form class=\"elementor-form\" method=\"post\" name=\"teacherdays swe\" aria-label=\"teacherdays swe\">\n\t\t\t<input type=\"hidden\" name=\"post_id\" value=\"8772\"\/>\n\t\t\t<input type=\"hidden\" name=\"form_id\" value=\"1296388c\"\/>\n\t\t\t<input type=\"hidden\" name=\"referer_title\" value=\"Simulatordagarna 2026 - Tenstar Simulation\" \/>\n\n\t\t\t\t\t\t\t<input type=\"hidden\" name=\"queried_id\" value=\"8772\"\/>\n\t\t\t\n\t\t\t<div class=\"elementor-form-fields-wrapper elementor-labels-above\">\n\t\t\t\t\t\t\t\t<div class=\"elementor-field-type-text elementor-field-group elementor-column elementor-field-group-field_e742517 elementor-col-100 elementor-field-required\">\n\t\t\t\t\t\t\t\t\t\t\t\t<label for=\"form-field-field_e742517\" class=\"elementor-field-label\">\n\t\t\t\t\t\t\t\tSkola\/F\u00f6retag\t\t\t\t\t\t\t<\/label>\n\t\t\t\t\t\t\t\t\t\t\t\t\t\t<input size=\"1\" type=\"text\" name=\"form_fields[field_e742517]\" id=\"form-field-field_e742517\" class=\"elementor-field elementor-size-md  elementor-field-textual\" placeholder=\"F\u00f6retaget eller skolans namn\" required=\"required\">\n\t\t\t\t\t\t\t\t\t\t\t<\/div>\n\t\t\t\t\t\t\t\t<div class=\"elementor-field-type-number elementor-field-group elementor-column elementor-field-group-field_9a656b0 elementor-col-100 elementor-field-required\">\n\t\t\t\t\t\t\t\t\t\t\t\t<label for=\"form-field-field_9a656b0\" class=\"elementor-field-label\">\n\t\t\t\t\t\t\t\tAntal bes\u00f6kare\t\t\t\t\t\t\t<\/label>\n\t\t\t\t\t\t\t\t\t<input type=\"number\" name=\"form_fields[field_9a656b0]\" id=\"form-field-field_9a656b0\" class=\"elementor-field elementor-size-md  elementor-field-textual\" placeholder=\"Antalet bes\u00f6kare\" required=\"required\" min=\"1\" max=\"\" >\n\t\t\t\t\t\t<\/div>\n\t\t\t\t\t\t\t\t<div class=\"elementor-field-type-text elementor-field-group elementor-column elementor-field-group-name elementor-col-100 elementor-field-required\">\n\t\t\t\t\t\t\t\t\t\t\t\t<label for=\"form-field-name\" class=\"elementor-field-label\">\n\t\t\t\t\t\t\t\tNamn\t\t\t\t\t\t\t<\/label>\n\t\t\t\t\t\t\t\t\t\t\t\t\t\t<input size=\"1\" type=\"text\" name=\"form_fields[name]\" id=\"form-field-name\" class=\"elementor-field elementor-size-md  elementor-field-textual\" placeholder=\"Namn ansvarig\" required=\"required\">\n\t\t\t\t\t\t\t\t\t\t\t<\/div>\n\t\t\t\t\t\t\t\t<div class=\"elementor-field-type-email elementor-field-group elementor-column elementor-field-group-email elementor-col-100 elementor-field-required\">\n\t\t\t\t\t\t\t\t\t\t\t\t<label for=\"form-field-email\" class=\"elementor-field-label\">\n\t\t\t\t\t\t\t\tE-post\t\t\t\t\t\t\t<\/label>\n\t\t\t\t\t\t\t\t\t\t\t\t\t\t<input size=\"1\" type=\"email\" name=\"form_fields[email]\" id=\"form-field-email\" class=\"elementor-field elementor-size-md  elementor-field-textual\" placeholder=\"E-post adress\" required=\"required\">\n\t\t\t\t\t\t\t\t\t\t\t<\/div>\n\t\t\t\t\t\t\t\t<div class=\"elementor-field-type-checkbox elementor-field-group elementor-column elementor-field-group-message elementor-col-100\">\n\t\t\t\t\t\t\t\t\t\t\t\t<label for=\"form-field-message\" class=\"elementor-field-label\">\n\t\t\t\t\t\t\t\tDagar\t\t\t\t\t\t\t<\/label>\n\t\t\t\t\t\t<div class=\"elementor-field-subgroup  \"><span class=\"elementor-field-option\"><input type=\"checkbox\" value=\"16 - 17 Mars i Falun\" id=\"form-field-message-0\" name=\"form_fields[message][]\"> <label for=\"form-field-message-0\">16 - 17 Mars i Falun<\/label><\/span><span class=\"elementor-field-option\"><input type=\"checkbox\" value=\"19 - 20 Mars i Tanumshede\" id=\"form-field-message-1\" name=\"form_fields[message][]\"> <label for=\"form-field-message-1\">19 - 20 Mars i Tanumshede<\/label><\/span><\/div>\t\t\t\t<\/div>\n\t\t\t\t\t\t\t\t<div class=\"elementor-field-group elementor-column elementor-field-type-submit elementor-col-100 e-form__buttons\">\n\t\t\t\t\t<button class=\"elementor-button elementor-size-md\" type=\"submit\">\n\t\t\t\t\t\t<span class=\"elementor-button-content-wrapper\">\n\t\t\t\t\t\t\t\t\t\t\t\t\t\t\t\t\t\t\t\t\t\t<span class=\"elementor-button-text\">SKICKA ANM\u00c4LAN<\/span>\n\t\t\t\t\t\t\t\t\t\t\t\t\t<\/span>\n\t\t\t\t\t<\/button>\n\t\t\t\t<\/div>\n\t\t\t<\/div>\n\t\t<\/form>\n\t\t\t\t\t\t<\/div>\n\t\t\t\t<\/div>\n\t\t\t\t<div class=\"elementor-element elementor-element-50339e1 elementor-widget__width-initial elementor-widget-mobile__width-initial elementor-widget elementor-widget-text-editor\" data-id=\"50339e1\" data-element_type=\"widget\" data-e-type=\"widget\" data-widget_type=\"text-editor.default\">\n\t\t\t\t<div class=\"elementor-widget-container\">\n\t\t\t\t\t\t\t\t\t<p>Tack f\u00f6r visat intresse!<br \/>Om du har fler fr\u00e5gor kan du kontakta oss p\u00e5 <a href=\"mailto:michael.gustafsson@tenstarsimulation.com\"><b>michael.gustafsson@tenstarsimulation.com<\/b><\/a><\/p><p><b>+46 (0)72 &#8211; 23 69 950<\/b><\/p>\t\t\t\t\t\t\t\t<\/div>\n\t\t\t\t<\/div>\n\t\t\t\t\t<\/div>\n\t\t\t\t<\/div>\n\t\t\t\t<div class=\"elementor-element elementor-element-b6c685e elementor-widget elementor-widget-spacer\" data-id=\"b6c685e\" data-element_type=\"widget\" data-e-type=\"widget\" data-widget_type=\"spacer.default\">\n\t\t\t\t<div class=\"elementor-widget-container\">\n\t\t\t\t\t\t\t<div class=\"elementor-spacer\">\n\t\t\t<div class=\"elementor-spacer-inner\"><\/div>\n\t\t<\/div>\n\t\t\t\t\t\t<\/div>\n\t\t\t\t<\/div>\n\t\t\t\t<\/div>\n\t\t\t\t\t<\/div>\n\t\t\t\t<\/div>\n\t\t\t\t<\/div>\n\t\t","protected":false},"excerpt":{"rendered":"<p>SIMULATORDAGARNA 2026 V\u00e4lkommen att delta p\u00e5 Tenstar Simulatordagar fyllda med inspiration, kunskap och m\u00f6jligheter till n\u00e4tverkande, arrangerade av Tenstar Simulation Anm\u00e4lan Tack f\u00f6r visat intresse!Om du har fler fr\u00e5gor kan du kontakta oss p\u00e5 michael.gustafsson@tenstarsimulation.com +46 (0)72 &#8211; 23 69 950<\/p>\n","protected":false},"author":4,"featured_media":0,"parent":0,"menu_order":0,"comment_status":"closed","ping_status":"closed","template":"","meta":{"footnotes":""},"class_list":["post-8772","page","type-page","status-publish","hentry"],"_links":{"self":[{"href":"https:\/\/tenstarsimulation.com\/fr\/wp-json\/wp\/v2\/pages\/8772","targetHints":{"allow":["GET"]}}],"collection":[{"href":"https:\/\/tenstarsimulation.com\/fr\/wp-json\/wp\/v2\/pages"}],"about":[{"href":"https:\/\/tenstarsimulation.com\/fr\/wp-json\/wp\/v2\/types\/page"}],"author":[{"embeddable":true,"href":"https:\/\/tenstarsimulation.com\/fr\/wp-json\/wp\/v2\/users\/4"}],"replies":[{"embeddable":true,"href":"https:\/\/tenstarsimulation.com\/fr\/wp-json\/wp\/v2\/comments?post=8772"}],"version-history":[{"count":109,"href":"https:\/\/tenstarsimulation.com\/fr\/wp-json\/wp\/v2\/pages\/8772\/revisions"}],"predecessor-version":[{"id":18536,"href":"https:\/\/tenstarsimulation.com\/fr\/wp-json\/wp\/v2\/pages\/8772\/revisions\/18536"}],"wp:attachment":[{"href":"https:\/\/tenstarsimulation.com\/fr\/wp-json\/wp\/v2\/media?parent=8772"}],"curies":[{"name":"wp","href":"https:\/\/api.w.org\/{rel}","templated":true}]}}