{"id":6104,"date":"2024-01-02T15:45:56","date_gmt":"2024-01-02T15:45:56","guid":{"rendered":"https:\/\/tenstar.kustitutveckling2.se\/temoignages\/"},"modified":"2024-02-06T08:59:36","modified_gmt":"2024-02-06T08:59:36","slug":"temoignages","status":"publish","type":"page","link":"https:\/\/tenstarsimulation.com\/fr\/temoignages\/","title":{"rendered":"T\u00e9moignages"},"content":{"rendered":"\t\t<div data-elementor-type=\"wp-page\" data-elementor-id=\"6104\" class=\"elementor elementor-6104 elementor-4188\" data-elementor-post-type=\"page\">\n\t\t\t\t<div class=\"elementor-element elementor-element-6f5684b e-flex e-con-boxed e-con e-parent\" data-id=\"6f5684b\" data-element_type=\"container\" data-e-type=\"container\">\n\t\t\t\t\t<div class=\"e-con-inner\">\n\t\t\t\t<div class=\"elementor-element elementor-element-1dfc89b elementor-widget elementor-widget-spacer\" data-id=\"1dfc89b\" data-element_type=\"widget\" data-e-type=\"widget\" data-widget_type=\"spacer.default\">\n\t\t\t\t<div class=\"elementor-widget-container\">\n\t\t\t\t\t\t\t<div class=\"elementor-spacer\">\n\t\t\t<div class=\"elementor-spacer-inner\"><\/div>\n\t\t<\/div>\n\t\t\t\t\t\t<\/div>\n\t\t\t\t<\/div>\n\t\t\t\t<div class=\"elementor-element elementor-element-a1658a5 elementor-widget elementor-widget-heading\" data-id=\"a1658a5\" data-element_type=\"widget\" data-e-type=\"widget\" data-widget_type=\"heading.default\">\n\t\t\t\t<div class=\"elementor-widget-container\">\n\t\t\t\t\t<h2 class=\"elementor-heading-title elementor-size-default\">\u00c9tudes de cas<\/h2>\t\t\t\t<\/div>\n\t\t\t\t<\/div>\n\t\t\t\t<div class=\"elementor-element elementor-element-53dd954 elementor-widget elementor-widget-spacer\" data-id=\"53dd954\" data-element_type=\"widget\" data-e-type=\"widget\" data-widget_type=\"spacer.default\">\n\t\t\t\t<div class=\"elementor-widget-container\">\n\t\t\t\t\t\t\t<div class=\"elementor-spacer\">\n\t\t\t<div class=\"elementor-spacer-inner\"><\/div>\n\t\t<\/div>\n\t\t\t\t\t\t<\/div>\n\t\t\t\t<\/div>\n\t\t\t\t\t<\/div>\n\t\t\t\t<\/div>\n\t\t<div class=\"elementor-element elementor-element-195ecb0 e-flex e-con-boxed e-con e-parent\" data-id=\"195ecb0\" data-element_type=\"container\" data-e-type=\"container\">\n\t\t\t\t\t<div class=\"e-con-inner\">\n\t\t\t\t\t<\/div>\n\t\t\t\t<\/div>\n\t\t<div class=\"elementor-element elementor-element-30635a8 e-flex e-con-boxed e-con e-parent\" data-id=\"30635a8\" data-element_type=\"container\" data-e-type=\"container\">\n\t\t\t\t\t<div class=\"e-con-inner\">\n\t\t\t\t<div class=\"elementor-element elementor-element-46b94c7 elementor-widget elementor-widget-spacer\" data-id=\"46b94c7\" data-element_type=\"widget\" data-e-type=\"widget\" data-widget_type=\"spacer.default\">\n\t\t\t\t<div class=\"elementor-widget-container\">\n\t\t\t\t\t\t\t<div class=\"elementor-spacer\">\n\t\t\t<div class=\"elementor-spacer-inner\"><\/div>\n\t\t<\/div>\n\t\t\t\t\t\t<\/div>\n\t\t\t\t<\/div>\n\t\t\t\t<div class=\"elementor-element elementor-element-d4097b5 elementor-testimonial--skin-default elementor-testimonial--layout-image_inline elementor-testimonial--align-center elementor-arrows-yes elementor-pagination-type-bullets elementor-widget elementor-widget-testimonial-carousel\" data-id=\"d4097b5\" data-element_type=\"widget\" data-e-type=\"widget\" data-settings=\"{&quot;show_arrows&quot;:&quot;yes&quot;,&quot;pagination&quot;:&quot;bullets&quot;,&quot;speed&quot;:500,&quot;autoplay&quot;:&quot;yes&quot;,&quot;autoplay_speed&quot;:5000,&quot;loop&quot;:&quot;yes&quot;,&quot;pause_on_hover&quot;:&quot;yes&quot;,&quot;pause_on_interaction&quot;:&quot;yes&quot;,&quot;space_between&quot;:{&quot;unit&quot;:&quot;px&quot;,&quot;size&quot;:10,&quot;sizes&quot;:[]},&quot;space_between_tablet&quot;:{&quot;unit&quot;:&quot;px&quot;,&quot;size&quot;:10,&quot;sizes&quot;:[]},&quot;space_between_mobile&quot;:{&quot;unit&quot;:&quot;px&quot;,&quot;size&quot;:10,&quot;sizes&quot;:[]}}\" data-widget_type=\"testimonial-carousel.default\">\n\t\t\t\t<div class=\"elementor-widget-container\">\n\t\t\t\t\t\t\t\t\t<div class=\"elementor-swiper\">\n\t\t\t\t\t<div class=\"elementor-main-swiper swiper\" role=\"region\" aria-roledescription=\"carousel\" aria-label=\"Diapositives\">\n\t\t\t\t<div class=\"swiper-wrapper\">\n\t\t\t\t\t\t\t\t\t\t\t<div class=\"swiper-slide\" role=\"group\" aria-roledescription=\"slide\">\n\t\t\t\t\t\t\t\t\t<div class=\"elementor-testimonial\">\n\t\t\t\t\t\t\t<div class=\"elementor-testimonial__content\">\n\t\t\t\t\t<div class=\"elementor-testimonial__text\">\n\t\t\t\t\t\t<p>\"Nous souhaitons utiliser le simulateur comme un prolongement de nous-m\u00eames, afin d'offrir aux \u00e9tudiants un moyen plus \u00e9cologique, plus rentable et plus fluide de s'entra\u00eener.\"<\/p>\n\t\t\t\t\t<\/div>\n\t\t\t\t\t\t\t\t\t<\/div>\n\t\t\t\t\t\t<div class=\"elementor-testimonial__footer\">\n\t\t\t\t\t\t\t\t\t<div class=\"elementor-testimonial__image\">\n\t\t\t\t\t\t<img decoding=\"async\" src=\"https:\/\/tenstarsimulation.com\/wp-content\/uploads\/2024\/01\/alexandra.jpg\" alt=\"Alexandra Larsson\">\n\t\t\t\t\t\t\t\t\t\t\t<\/div>\n\t\t\t\t\t\t\t\t<cite class=\"elementor-testimonial__cite\"><span class=\"elementor-testimonial__name\">Alexandra Larsson<\/span><span class=\"elementor-testimonial__title\">Rosa Kortet, propri\u00e9taire de l'\u00e9cole de conduite<\/span><\/cite>\t\t\t<\/div>\n\t\t<\/div>\n\t\t\t\t\t\t\t\t<\/div>\n\t\t\t\t\t\t\t\t\t\t\t<div class=\"swiper-slide\" role=\"group\" aria-roledescription=\"slide\">\n\t\t\t\t\t\t\t\t\t<div class=\"elementor-testimonial\">\n\t\t\t\t\t\t\t<div class=\"elementor-testimonial__content\">\n\t\t\t\t\t<div class=\"elementor-testimonial__text\">\n\t\t\t\t\t\t<p>\"Nous conduisons beaucoup, ce qui consomme beaucoup de diesel, et nous avons calcul\u00e9 que l'impact sur l'environnement a \u00e9t\u00e9 r\u00e9duit d'environ 30 % depuis que nous avons achet\u00e9 les simulateurs\".<\/p>\n\t\t\t\t\t<\/div>\n\t\t\t\t\t\t\t\t\t<\/div>\n\t\t\t\t\t\t<div class=\"elementor-testimonial__footer\">\n\t\t\t\t\t\t\t\t\t<div class=\"elementor-testimonial__image\">\n\t\t\t\t\t\t<img decoding=\"async\" src=\"https:\/\/tenstarsimulation.com\/wp-content\/uploads\/2024\/01\/Mikael_Bryngelsson-e1718721616919.png\" alt=\"Mikael Bryngelsson\">\n\t\t\t\t\t\t\t\t\t\t\t<\/div>\n\t\t\t\t\t\t\t\t<cite class=\"elementor-testimonial__cite\"><span class=\"elementor-testimonial__name\">Mikael Bryngelsson<\/span><span class=\"elementor-testimonial__title\">Enseignant Programme agricole<\/span><\/cite>\t\t\t<\/div>\n\t\t<\/div>\n\t\t\t\t\t\t\t\t<\/div>\n\t\t\t\t\t\t\t\t\t\t\t<div class=\"swiper-slide\" role=\"group\" aria-roledescription=\"slide\">\n\t\t\t\t\t\t\t\t\t<div class=\"elementor-testimonial\">\n\t\t\t\t\t\t\t<div class=\"elementor-testimonial__content\">\n\t\t\t\t\t<div class=\"elementor-testimonial__text\">\n\t\t\t\t\t\t<p>\"Lorsque vous utilisez correctement le simulateur, vous disposez d'une bonne quantit\u00e9 de connaissances pr\u00e9liminaires avant de monter \u00e0 bord d'une vraie voiture. Cela peut absolument permettre de r\u00e9duire le nombre d'heures pass\u00e9es sur la route\".<\/p>\n\t\t\t\t\t<\/div>\n\t\t\t\t\t\t\t\t\t<\/div>\n\t\t\t\t\t\t<div class=\"elementor-testimonial__footer\">\n\t\t\t\t\t\t\t\t\t<div class=\"elementor-testimonial__image\">\n\t\t\t\t\t\t<img decoding=\"async\" src=\"https:\/\/tenstarsimulation.com\/wp-content\/uploads\/2024\/01\/alexandra.jpg\" alt=\"Alexandra Larsson\">\n\t\t\t\t\t\t\t\t\t\t\t<\/div>\n\t\t\t\t\t\t\t\t<cite class=\"elementor-testimonial__cite\"><span class=\"elementor-testimonial__name\">Alexandra Larsson<\/span><span class=\"elementor-testimonial__title\">propri\u00e9taire de l'auto-\u00e9cole Rosa Kortet<\/span><\/cite>\t\t\t<\/div>\n\t\t<\/div>\n\t\t\t\t\t\t\t\t<\/div>\n\t\t\t\t\t\t\t\t\t<\/div>\n\t\t\t\t\t\t\t\t\t\t\t\t\t\t\t<div class=\"elementor-swiper-button elementor-swiper-button-prev\" role=\"button\" tabindex=\"0\" aria-label=\"Pr\u00e9c\u00e9dent\">\n\t\t\t\t\t\t\t<i aria-hidden=\"true\" class=\"eicon-chevron-left\"><\/i>\t\t\t\t\t\t<\/div>\n\t\t\t\t\t\t<div class=\"elementor-swiper-button elementor-swiper-button-next\" role=\"button\" tabindex=\"0\" aria-label=\"Suivant\">\n\t\t\t\t\t\t\t<i aria-hidden=\"true\" class=\"eicon-chevron-right\"><\/i>\t\t\t\t\t\t<\/div>\n\t\t\t\t\t\t\t\t\t\t\t\t\t\t\t\t<div class=\"swiper-pagination\"><\/div>\n\t\t\t\t\t\t\t\t\t\t\t\t<\/div>\n\t\t\t\t<\/div>\n\t\t\t\t\t\t\t\t<\/div>\n\t\t\t\t<\/div>\n\t\t\t\t<div class=\"elementor-element elementor-element-08e16d5 elementor-widget elementor-widget-spacer\" data-id=\"08e16d5\" data-element_type=\"widget\" data-e-type=\"widget\" data-widget_type=\"spacer.default\">\n\t\t\t\t<div class=\"elementor-widget-container\">\n\t\t\t\t\t\t\t<div class=\"elementor-spacer\">\n\t\t\t<div class=\"elementor-spacer-inner\"><\/div>\n\t\t<\/div>\n\t\t\t\t\t\t<\/div>\n\t\t\t\t<\/div>\n\t\t\t\t\t<\/div>\n\t\t\t\t<\/div>\n\t\t<div class=\"elementor-element elementor-element-1e53b42 e-flex e-con-boxed e-con e-parent\" data-id=\"1e53b42\" data-element_type=\"container\" data-e-type=\"container\" data-settings=\"{&quot;background_background&quot;:&quot;classic&quot;}\">\n\t\t\t\t\t<div class=\"e-con-inner\">\n\t\t\t\t<div class=\"elementor-element elementor-element-7027abe elementor-widget elementor-widget-heading\" data-id=\"7027abe\" data-element_type=\"widget\" data-e-type=\"widget\" data-widget_type=\"heading.default\">\n\t\t\t\t<div class=\"elementor-widget-container\">\n\t\t\t\t\t<h2 class=\"elementor-heading-title elementor-size-default\">Tracteur n\u00b06 2023<\/h2>\t\t\t\t<\/div>\n\t\t\t\t<\/div>\n\t\t\t\t\t<\/div>\n\t\t\t\t<\/div>\n\t\t<div class=\"elementor-element elementor-element-369d399 e-flex e-con-boxed e-con e-parent\" data-id=\"369d399\" data-element_type=\"container\" data-e-type=\"container\" data-settings=\"{&quot;background_background&quot;:&quot;classic&quot;}\">\n\t\t\t\t\t<div class=\"e-con-inner\">\n\t\t\t\t<div class=\"elementor-element elementor-element-a13623c elementor-arrows-position-inside elementor-pagination-position-outside elementor-widget elementor-widget-image-carousel\" data-id=\"a13623c\" data-element_type=\"widget\" data-e-type=\"widget\" data-settings=\"{&quot;infinite&quot;:&quot;no&quot;,&quot;navigation&quot;:&quot;both&quot;,&quot;autoplay&quot;:&quot;yes&quot;,&quot;pause_on_hover&quot;:&quot;yes&quot;,&quot;pause_on_interaction&quot;:&quot;yes&quot;,&quot;autoplay_speed&quot;:5000,&quot;speed&quot;:500}\" data-widget_type=\"image-carousel.default\">\n\t\t\t\t<div class=\"elementor-widget-container\">\n\t\t\t\t\t\t\t<div class=\"elementor-image-carousel-wrapper swiper\" role=\"region\" aria-roledescription=\"carousel\" aria-label=\"Carrousel d\u2019images\" dir=\"ltr\">\n\t\t\t<div class=\"elementor-image-carousel swiper-wrapper\" aria-live=\"off\">\n\t\t\t\t\t\t\t\t<div class=\"swiper-slide\" role=\"group\" aria-roledescription=\"slide\" aria-label=\"1 sur 6\"><a data-elementor-open-lightbox=\"yes\" data-elementor-lightbox-slideshow=\"a13623c\" data-elementor-lightbox-title=\"Traktor artikel1 - NORGE_Page_1_Image_0001\" data-e-action-hash=\"#elementor-action%3Aaction%3Dlightbox%26settings%3DeyJpZCI6NDE5NSwidXJsIjoiaHR0cHM6XC9cL3RlbnN0YXJzaW11bGF0aW9uLmNvbVwvd3AtY29udGVudFwvdXBsb2Fkc1wvMjAyNFwvMDFcL1RyYWt0b3ItYXJ0aWtlbDEtTk9SR0VfUGFnZV8xX0ltYWdlXzAwMDEtc2NhbGVkLmpwZyIsInNsaWRlc2hvdyI6ImExMzYyM2MifQ%3D%3D\" href=\"https:\/\/tenstarsimulation.com\/wp-content\/uploads\/2024\/01\/Traktor-artikel1-NORGE_Page_1_Image_0001-scaled.jpg\"><figure class=\"swiper-slide-inner\"><img decoding=\"async\" class=\"swiper-slide-image\" src=\"https:\/\/tenstarsimulation.com\/wp-content\/uploads\/2024\/01\/Traktor-artikel1-NORGE_Page_1_Image_0001-scaled.jpg\" alt=\"Traktor artikel1 - NORGE_Page_1_Image_0001\" \/><\/figure><\/a><\/div><div class=\"swiper-slide\" role=\"group\" aria-roledescription=\"slide\" aria-label=\"2 sur 6\"><a data-elementor-open-lightbox=\"yes\" data-elementor-lightbox-slideshow=\"a13623c\" data-elementor-lightbox-title=\"Traktor artikel1 - NORGE_Page_2_Image_0001\" data-e-action-hash=\"#elementor-action%3Aaction%3Dlightbox%26settings%3DeyJpZCI6NDIwMCwidXJsIjoiaHR0cHM6XC9cL3RlbnN0YXJzaW11bGF0aW9uLmNvbVwvd3AtY29udGVudFwvdXBsb2Fkc1wvMjAyNFwvMDFcL1RyYWt0b3ItYXJ0aWtlbDEtTk9SR0VfUGFnZV8yX0ltYWdlXzAwMDEtc2NhbGVkLmpwZyIsInNsaWRlc2hvdyI6ImExMzYyM2MifQ%3D%3D\" href=\"https:\/\/tenstarsimulation.com\/wp-content\/uploads\/2024\/01\/Traktor-artikel1-NORGE_Page_2_Image_0001-scaled.jpg\"><figure class=\"swiper-slide-inner\"><img decoding=\"async\" class=\"swiper-slide-image\" src=\"https:\/\/tenstarsimulation.com\/wp-content\/uploads\/2024\/01\/Traktor-artikel1-NORGE_Page_2_Image_0001-scaled.jpg\" alt=\"Traktor artikel1 - NORGE_Page_2_Image_0001\" \/><\/figure><\/a><\/div><div class=\"swiper-slide\" role=\"group\" aria-roledescription=\"slide\" aria-label=\"3 sur 6\"><a data-elementor-open-lightbox=\"yes\" data-elementor-lightbox-slideshow=\"a13623c\" data-elementor-lightbox-title=\"Traktor artikel1 - NORGE_Page_3_Image_0001\" data-e-action-hash=\"#elementor-action%3Aaction%3Dlightbox%26settings%3DeyJpZCI6NDIwNSwidXJsIjoiaHR0cHM6XC9cL3RlbnN0YXJzaW11bGF0aW9uLmNvbVwvd3AtY29udGVudFwvdXBsb2Fkc1wvMjAyNFwvMDFcL1RyYWt0b3ItYXJ0aWtlbDEtTk9SR0VfUGFnZV8zX0ltYWdlXzAwMDEtc2NhbGVkLmpwZyIsInNsaWRlc2hvdyI6ImExMzYyM2MifQ%3D%3D\" href=\"https:\/\/tenstarsimulation.com\/wp-content\/uploads\/2024\/01\/Traktor-artikel1-NORGE_Page_3_Image_0001-scaled.jpg\"><figure class=\"swiper-slide-inner\"><img decoding=\"async\" class=\"swiper-slide-image\" src=\"https:\/\/tenstarsimulation.com\/wp-content\/uploads\/2024\/01\/Traktor-artikel1-NORGE_Page_3_Image_0001-scaled.jpg\" alt=\"Traktor artikel1 - NORGE_Page_3_Image_0001\" \/><\/figure><\/a><\/div><div class=\"swiper-slide\" role=\"group\" aria-roledescription=\"slide\" aria-label=\"4 sur 6\"><a data-elementor-open-lightbox=\"yes\" data-elementor-lightbox-slideshow=\"a13623c\" data-elementor-lightbox-title=\"Traktor artikel1 - NORGE_Page_4_Image_0001\" data-e-action-hash=\"#elementor-action%3Aaction%3Dlightbox%26settings%3DeyJpZCI6NDIxMCwidXJsIjoiaHR0cHM6XC9cL3RlbnN0YXJzaW11bGF0aW9uLmNvbVwvd3AtY29udGVudFwvdXBsb2Fkc1wvMjAyNFwvMDFcL1RyYWt0b3ItYXJ0aWtlbDEtTk9SR0VfUGFnZV80X0ltYWdlXzAwMDEtc2NhbGVkLmpwZyIsInNsaWRlc2hvdyI6ImExMzYyM2MifQ%3D%3D\" href=\"https:\/\/tenstarsimulation.com\/wp-content\/uploads\/2024\/01\/Traktor-artikel1-NORGE_Page_4_Image_0001-scaled.jpg\"><figure class=\"swiper-slide-inner\"><img decoding=\"async\" class=\"swiper-slide-image\" src=\"https:\/\/tenstarsimulation.com\/wp-content\/uploads\/2024\/01\/Traktor-artikel1-NORGE_Page_4_Image_0001-scaled.jpg\" alt=\"Traktor artikel1 - NORGE_Page_4_Image_0001\" \/><\/figure><\/a><\/div><div class=\"swiper-slide\" role=\"group\" aria-roledescription=\"slide\" aria-label=\"5 sur 6\"><a data-elementor-open-lightbox=\"yes\" data-elementor-lightbox-slideshow=\"a13623c\" data-elementor-lightbox-title=\"Traktor artikel2 - NORGE_Page_1_Image_0001\" data-e-action-hash=\"#elementor-action%3Aaction%3Dlightbox%26settings%3DeyJpZCI6NDIzNCwidXJsIjoiaHR0cHM6XC9cL3RlbnN0YXJzaW11bGF0aW9uLmNvbVwvd3AtY29udGVudFwvdXBsb2Fkc1wvMjAyNFwvMDFcL1RyYWt0b3ItYXJ0aWtlbDItTk9SR0VfUGFnZV8xX0ltYWdlXzAwMDEtc2NhbGVkLmpwZyIsInNsaWRlc2hvdyI6ImExMzYyM2MifQ%3D%3D\" href=\"https:\/\/tenstarsimulation.com\/wp-content\/uploads\/2024\/01\/Traktor-artikel2-NORGE_Page_1_Image_0001-scaled.jpg\"><figure class=\"swiper-slide-inner\"><img decoding=\"async\" class=\"swiper-slide-image\" src=\"https:\/\/tenstarsimulation.com\/wp-content\/uploads\/2024\/01\/Traktor-artikel2-NORGE_Page_1_Image_0001-scaled.jpg\" alt=\"Traktor artikel2 - NORGE_Page_1_Image_0001\" \/><\/figure><\/a><\/div><div class=\"swiper-slide\" role=\"group\" aria-roledescription=\"slide\" aria-label=\"6 sur 6\"><a data-elementor-open-lightbox=\"yes\" data-elementor-lightbox-slideshow=\"a13623c\" data-elementor-lightbox-title=\"Traktor artikel2 - NORGE_Page_2_Image_0001\" data-e-action-hash=\"#elementor-action%3Aaction%3Dlightbox%26settings%3DeyJpZCI6NDIzOSwidXJsIjoiaHR0cHM6XC9cL3RlbnN0YXJzaW11bGF0aW9uLmNvbVwvd3AtY29udGVudFwvdXBsb2Fkc1wvMjAyNFwvMDFcL1RyYWt0b3ItYXJ0aWtlbDItTk9SR0VfUGFnZV8yX0ltYWdlXzAwMDEtc2NhbGVkLmpwZyIsInNsaWRlc2hvdyI6ImExMzYyM2MifQ%3D%3D\" href=\"https:\/\/tenstarsimulation.com\/wp-content\/uploads\/2024\/01\/Traktor-artikel2-NORGE_Page_2_Image_0001-scaled.jpg\"><figure class=\"swiper-slide-inner\"><img decoding=\"async\" class=\"swiper-slide-image\" src=\"https:\/\/tenstarsimulation.com\/wp-content\/uploads\/2024\/01\/Traktor-artikel2-NORGE_Page_2_Image_0001-scaled.jpg\" alt=\"Traktor artikel2 - NORGE_Page_2_Image_0001\" \/><\/figure><\/a><\/div>\t\t\t<\/div>\n\t\t\t\t\t\t\t\t\t\t\t\t<div class=\"elementor-swiper-button elementor-swiper-button-prev\" role=\"button\" tabindex=\"0\">\n\t\t\t\t\t\t<i aria-hidden=\"true\" class=\"eicon-chevron-left\"><\/i>\t\t\t\t\t<\/div>\n\t\t\t\t\t<div class=\"elementor-swiper-button elementor-swiper-button-next\" role=\"button\" tabindex=\"0\">\n\t\t\t\t\t\t<i aria-hidden=\"true\" class=\"eicon-chevron-right\"><\/i>\t\t\t\t\t<\/div>\n\t\t\t\t\n\t\t\t\t\t\t\t\t\t<div class=\"swiper-pagination\"><\/div>\n\t\t\t\t\t\t\t\t\t<\/div>\n\t\t\t\t\t\t<\/div>\n\t\t\t\t<\/div>\n\t\t\t\t\t<\/div>\n\t\t\t\t<\/div>\n\t\t\t\t<\/div>\n\t\t","protected":false},"excerpt":{"rendered":"<p>\u00c9tudes de cas \u00ab\u00a0Nous souhaitons utiliser le simulateur comme un prolongement de nous-m\u00eames, afin d&rsquo;offrir aux \u00e9tudiants un moyen plus \u00e9cologique, plus rentable et plus fluide de s&rsquo;entra\u00eener.\u00a0\u00bb Alexandra LarssonRosa Kortet, propri\u00e9taire de l&rsquo;\u00e9cole de conduite \u00ab\u00a0Nous conduisons beaucoup, ce qui consomme beaucoup de diesel, et nous avons calcul\u00e9 que l&rsquo;impact sur l&rsquo;environnement a \u00e9t\u00e9 [&hellip;]<\/p>\n","protected":false},"author":2,"featured_media":0,"parent":0,"menu_order":0,"comment_status":"closed","ping_status":"closed","template":"","meta":{"footnotes":""},"class_list":["post-6104","page","type-page","status-publish","hentry"],"_links":{"self":[{"href":"https:\/\/tenstarsimulation.com\/fr\/wp-json\/wp\/v2\/pages\/6104","targetHints":{"allow":["GET"]}}],"collection":[{"href":"https:\/\/tenstarsimulation.com\/fr\/wp-json\/wp\/v2\/pages"}],"about":[{"href":"https:\/\/tenstarsimulation.com\/fr\/wp-json\/wp\/v2\/types\/page"}],"author":[{"embeddable":true,"href":"https:\/\/tenstarsimulation.com\/fr\/wp-json\/wp\/v2\/users\/2"}],"replies":[{"embeddable":true,"href":"https:\/\/tenstarsimulation.com\/fr\/wp-json\/wp\/v2\/comments?post=6104"}],"version-history":[{"count":1,"href":"https:\/\/tenstarsimulation.com\/fr\/wp-json\/wp\/v2\/pages\/6104\/revisions"}],"predecessor-version":[{"id":6111,"href":"https:\/\/tenstarsimulation.com\/fr\/wp-json\/wp\/v2\/pages\/6104\/revisions\/6111"}],"wp:attachment":[{"href":"https:\/\/tenstarsimulation.com\/fr\/wp-json\/wp\/v2\/media?parent=6104"}],"curies":[{"name":"wp","href":"https:\/\/api.w.org\/{rel}","templated":true}]}}