{"id":6048,"date":"2023-11-20T09:22:35","date_gmt":"2023-11-20T09:22:35","guid":{"rendered":"https:\/\/tenstar.kustitutveckling2.se\/om-tenstar\/"},"modified":"2024-02-06T08:54:27","modified_gmt":"2024-02-06T08:54:27","slug":"om-tenstar","status":"publish","type":"page","link":"https:\/\/tenstarsimulation.com\/fr\/om-tenstar\/","title":{"rendered":"Om Tenstar"},"content":{"rendered":"\t\t<div data-elementor-type=\"wp-page\" data-elementor-id=\"6048\" class=\"elementor elementor-6048 elementor-5805\" data-elementor-post-type=\"page\">\n\t\t\t\t<div class=\"elementor-element elementor-element-a803c58 e-flex e-con-boxed e-con e-parent\" data-id=\"a803c58\" data-element_type=\"container\" data-e-type=\"container\">\n\t\t\t\t\t<div class=\"e-con-inner\">\n\t\t\t\t<div class=\"elementor-element elementor-element-9e40251 elementor-widget elementor-widget-spacer\" data-id=\"9e40251\" data-element_type=\"widget\" data-e-type=\"widget\" data-widget_type=\"spacer.default\">\n\t\t\t\t<div class=\"elementor-widget-container\">\n\t\t\t\t\t\t\t<div class=\"elementor-spacer\">\n\t\t\t<div class=\"elementor-spacer-inner\"><\/div>\n\t\t<\/div>\n\t\t\t\t\t\t<\/div>\n\t\t\t\t<\/div>\n\t\t\t\t<div class=\"elementor-element elementor-element-d328de1 elementor-widget elementor-widget-heading\" data-id=\"d328de1\" data-element_type=\"widget\" data-e-type=\"widget\" data-widget_type=\"heading.default\">\n\t\t\t\t<div class=\"elementor-widget-container\">\n\t\t\t\t\t<h1 class=\"elementor-heading-title elementor-size-default\">BIENVENUE DANS NOTRE MONDE DE SIMULATION !\n<\/h1>\t\t\t\t<\/div>\n\t\t\t\t<\/div>\n\t\t\t\t<div class=\"elementor-element elementor-element-b8a1391 elementor-widget elementor-widget-text-editor\" data-id=\"b8a1391\" data-element_type=\"widget\" data-e-type=\"widget\" data-widget_type=\"text-editor.default\">\n\t\t\t\t<div class=\"elementor-widget-container\">\n\t\t\t\t\t\t\t\t\t<p><span class=\"ui-provider ee bha bhb bhc bhd bhe bhf bhg bhh bhi bhj bhk bhl bhm bhn bho bhp bhq bhr bhs bht bhu bhv bhw bhx bhy bhz bia bib bic bid bie bif big bih\" dir=\"ltr\">Tenstar Simulation a pour objectif de promouvoir le monde. Nous avons mis au point et utilis\u00e9 des simulateurs pour les t\u00e2ches de contr\u00f4le et de suivi dans les domaines de la construction, du transport, de la circulation et de l&rsquo;entretien des routes. Cela nous a permis d&rsquo;obtenir une solution plus efficace, plus s\u00fbre et plus rentable pour les employeurs et les travailleurs du secteur de l&rsquo;agriculture.  <\/span><\/p>\n\t\t\t\t\t\t\t\t<\/div>\n\t\t\t\t<\/div>\n\t\t\t\t<div class=\"elementor-element elementor-element-e190c8e elementor-widget elementor-widget-text-editor\" data-id=\"e190c8e\" data-element_type=\"widget\" data-e-type=\"widget\" data-widget_type=\"text-editor.default\">\n\t\t\t\t<div class=\"elementor-widget-container\">\n\t\t\t\t\t\t\t\t\t<div class=\" col-md-12 column\">\n<p>Nous pensons que pour qu&rsquo;un simulateur devienne une m\u00e9thode de travail efficace, il faut qu&rsquo;il soit r\u00e9aliste et qu&rsquo;il soit combin\u00e9 \u00e0 une m\u00e9thode d&rsquo;\u00e9valuation. D\u00e4rf\u00f6r l\u00e4gger vi ner mycket anstr\u00e4ngning p\u00e5 att tillhandah\u00e5lla just detta. Gr\u00e2ce \u00e0 un programme de formation complet et \u00e0 une m\u00e9thode de travail efficace, ainsi qu&rsquo;\u00e0 une m\u00e9thode de travail professionnelle et \u00e0 un graphisme de qualit\u00e9, nous avons r\u00e9ussi \u00e0 cr\u00e9er des outils de formation virtuels et r\u00e9alistes.  <\/p>\n<\/p>\n<p>La F\u00f6retaget a \u00e9t\u00e9 cr\u00e9\u00e9e en 2009 par Freddy Lund, qui est le directeur de la F\u00f6retaget et le VD. La vision de Hans est une histoire qui raconte ce que vous \u00eates en train de faire et ce que vous \u00eates en train de faire. Il s&rsquo;agit d&rsquo;une entreprise innovante qui s&rsquo;\u00e9tend \u00e0 tout le monde et qui s&rsquo;efforce de s&rsquo;adapter \u00e0 toutes les situations.  <\/p>\n<\/p>\n<p>L&rsquo;entreprise est bas\u00e9e \u00e0 Tanumshede, dans le nord du Bohusl\u00e4n, en Su\u00e8de, mais elle est une entreprise mondiale de premier plan qui compte des repr\u00e9sentants de la soci\u00e9t\u00e9 et des repr\u00e9sentants de la soci\u00e9t\u00e9 dans tout le monde. Tous les simulateurs se trouvent sur diff\u00e9rents continents, et nous n&rsquo;en avons plus besoin.  <\/p>\n<\/p>\n<\/div>\n\t\t\t\t\t\t\t\t<\/div>\n\t\t\t\t<\/div>\n\t\t\t\t\t<\/div>\n\t\t\t\t<\/div>\n\t\t<div class=\"elementor-element elementor-element-4f360b1 e-flex e-con-boxed e-con e-parent\" data-id=\"4f360b1\" data-element_type=\"container\" data-e-type=\"container\">\n\t\t\t\t\t<div class=\"e-con-inner\">\n\t\t\t\t<div class=\"elementor-element elementor-element-0dce081 elementor-widget elementor-widget-heading\" data-id=\"0dce081\" data-element_type=\"widget\" data-e-type=\"widget\" data-widget_type=\"heading.default\">\n\t\t\t\t<div class=\"elementor-widget-container\">\n\t\t\t\t\t<h2 class=\"elementor-heading-title elementor-size-default\">Notre mission est de minimiser les pertes, d'am\u00e9liorer l'efficacit\u00e9 et de renforcer la s\u00e9curit\u00e9 sous et apr\u00e8s un traitement anv\u00e4ndarnas avec des masques et des fordos.<\/h2>\t\t\t\t<\/div>\n\t\t\t\t<\/div>\n\t\t\t\t<div class=\"elementor-element elementor-element-bf81d57 elementor-widget elementor-widget-spacer\" data-id=\"bf81d57\" data-element_type=\"widget\" data-e-type=\"widget\" data-widget_type=\"spacer.default\">\n\t\t\t\t<div class=\"elementor-widget-container\">\n\t\t\t\t\t\t\t<div class=\"elementor-spacer\">\n\t\t\t<div class=\"elementor-spacer-inner\"><\/div>\n\t\t<\/div>\n\t\t\t\t\t\t<\/div>\n\t\t\t\t<\/div>\n\t\t\t\t\t<\/div>\n\t\t\t\t<\/div>\n\t\t\t\t<\/div>\n\t\t","protected":false},"excerpt":{"rendered":"<p>BIENVENUE DANS NOTRE MONDE DE SIMULATION ! Tenstar Simulation a pour objectif de promouvoir le monde. Nous avons mis au point et utilis\u00e9 des simulateurs pour les t\u00e2ches de contr\u00f4le et de suivi dans les domaines de la construction, du transport, de la circulation et de l&rsquo;entretien des routes. Cela nous a permis d&rsquo;obtenir une [&hellip;]<\/p>\n","protected":false},"author":2,"featured_media":0,"parent":0,"menu_order":0,"comment_status":"closed","ping_status":"closed","template":"","meta":{"footnotes":""},"class_list":["post-6048","page","type-page","status-publish","hentry"],"_links":{"self":[{"href":"https:\/\/tenstarsimulation.com\/fr\/wp-json\/wp\/v2\/pages\/6048","targetHints":{"allow":["GET"]}}],"collection":[{"href":"https:\/\/tenstarsimulation.com\/fr\/wp-json\/wp\/v2\/pages"}],"about":[{"href":"https:\/\/tenstarsimulation.com\/fr\/wp-json\/wp\/v2\/types\/page"}],"author":[{"embeddable":true,"href":"https:\/\/tenstarsimulation.com\/fr\/wp-json\/wp\/v2\/users\/2"}],"replies":[{"embeddable":true,"href":"https:\/\/tenstarsimulation.com\/fr\/wp-json\/wp\/v2\/comments?post=6048"}],"version-history":[{"count":1,"href":"https:\/\/tenstarsimulation.com\/fr\/wp-json\/wp\/v2\/pages\/6048\/revisions"}],"predecessor-version":[{"id":6050,"href":"https:\/\/tenstarsimulation.com\/fr\/wp-json\/wp\/v2\/pages\/6048\/revisions\/6050"}],"wp:attachment":[{"href":"https:\/\/tenstarsimulation.com\/fr\/wp-json\/wp\/v2\/media?parent=6048"}],"curies":[{"name":"wp","href":"https:\/\/api.w.org\/{rel}","templated":true}]}}