{"id":6030,"date":"2023-11-20T09:22:35","date_gmt":"2023-11-20T08:22:35","guid":{"rendered":"https:\/\/tenstar.kustitutveckling2.se\/a-propos-de-tenstar\/"},"modified":"2025-06-19T11:02:21","modified_gmt":"2025-06-19T09:02:21","slug":"a-propos-de-tenstar","status":"publish","type":"page","link":"https:\/\/tenstarsimulation.com\/fr\/a-propos-de-tenstar\/","title":{"rendered":"\u00c0 propos de Tenstar"},"content":{"rendered":"\t\t<div data-elementor-type=\"wp-page\" data-elementor-id=\"6030\" class=\"elementor elementor-6030 elementor-801\" data-elementor-post-type=\"page\">\n\t\t\t\t<div class=\"elementor-element elementor-element-af4d94a e-flex e-con-boxed e-con e-parent\" data-id=\"af4d94a\" data-element_type=\"container\" data-e-type=\"container\" data-settings=\"{&quot;background_background&quot;:&quot;classic&quot;}\">\n\t\t\t\t\t<div class=\"e-con-inner\">\n\t\t\t\t<div class=\"elementor-element elementor-element-8c96b20 elementor-widget elementor-widget-heading\" data-id=\"8c96b20\" data-element_type=\"widget\" data-e-type=\"widget\" data-widget_type=\"heading.default\">\n\t\t\t\t<div class=\"elementor-widget-container\">\n\t\t\t\t\t<h1 class=\"elementor-heading-title elementor-size-default\">BIENVENUE DANS NOTRE MONDE DE SIMULATION\n!<\/h1>\t\t\t\t<\/div>\n\t\t\t\t<\/div>\n\t\t\t\t\t<\/div>\n\t\t\t\t<\/div>\n\t\t<div class=\"elementor-element elementor-element-a803c58 e-flex e-con-boxed e-con e-parent\" data-id=\"a803c58\" data-element_type=\"container\" data-e-type=\"container\">\n\t\t\t\t\t<div class=\"e-con-inner\">\n\t\t\t\t<div class=\"elementor-element elementor-element-9e40251 elementor-hidden-mobile elementor-widget elementor-widget-spacer\" data-id=\"9e40251\" data-element_type=\"widget\" data-e-type=\"widget\" data-widget_type=\"spacer.default\">\n\t\t\t\t<div class=\"elementor-widget-container\">\n\t\t\t\t\t\t\t<div class=\"elementor-spacer\">\n\t\t\t<div class=\"elementor-spacer-inner\"><\/div>\n\t\t<\/div>\n\t\t\t\t\t\t<\/div>\n\t\t\t\t<\/div>\n\t\t\t\t<div class=\"elementor-element elementor-element-b8a1391 elementor-widget elementor-widget-text-editor\" data-id=\"b8a1391\" data-element_type=\"widget\" data-e-type=\"widget\" data-widget_type=\"text-editor.default\">\n\t\t\t\t<div class=\"elementor-widget-container\">\n\t\t\t\t\t\t\t\t\t<p><span class=\"ui-provider ee bha bhb bhc bhd bhe bhf bhg bhh bhi bhj bhk bhl bhm bhn bho bhp bhq bhr bhs bht bhu bhv bhw bhx bhy bhz bia bib bic bid bie bif big bih\" dir=\"ltr\">Tenstar Simulation a pour ambition de transformer le monde. Nous concevons, d\u00e9veloppons et commercialisons des outils de formation bas\u00e9s sur la simulation, \u00e0 destination des \u00e9coles, centres de formation et entreprises.<br>Nos solutions couvrent les secteurs de l\u2019agriculture, de la construction, du transport, de la circulation routi\u00e8re et de la sylviculture. Ce faisant, nous contribuons \u00e0 cr\u00e9er un environnement de formation plus efficace, plus s\u00fbr et plus \u00e9cologique pour les conducteurs de machines et de v\u00e9hicules de demain.  <\/span><\/p>\t\t\t\t\t\t\t\t<\/div>\n\t\t\t\t<\/div>\n\t\t\t\t<div class=\"elementor-element elementor-element-e190c8e elementor-widget elementor-widget-text-editor\" data-id=\"e190c8e\" data-element_type=\"widget\" data-e-type=\"widget\" data-widget_type=\"text-editor.default\">\n\t\t\t\t<div class=\"elementor-widget-container\">\n\t\t\t\t\t\t\t\t\t<div class=\" col-md-12 column\"><p>Nous pensons que pour qu&rsquo;un simulateur soit un outil de formation efficace, il doit \u00eatre r\u00e9aliste et associ\u00e9 \u00e0 des outils d&rsquo;apprentissage m\u00e9thodiques. C&rsquo;est la raison pour laquelle nous nous effor\u00e7ons d&rsquo;offrir exactement cela. Gr\u00e2ce \u00e0 des programmes d&rsquo;exercices complets et \u00e0 des outils d&rsquo;apprentissage efficaces, associ\u00e9s \u00e0 un mat\u00e9riel professionnel et \u00e0 des graphiques r\u00e9alistes, les utilisateurs s&rsquo;entra\u00eenent dans des environnements de formation virtuels r\u00e9alistes.    <\/p><p> <\/p><p>L&rsquo;entreprise a \u00e9t\u00e9 cr\u00e9\u00e9e en 2009 par Freddy Lund, qui en est le propri\u00e9taire et le directeur g\u00e9n\u00e9ral. Sa vision explique en grande partie ce que nous sommes aujourd&rsquo;hui et ce vers quoi nous nous dirigeons. Nous sommes une entreprise innovante \u00e0 croissance rapide, qui s&rsquo;\u00e9tend dans le monde entier et continue de se d\u00e9velopper \u00e0 tous points de vue.  <\/p><p> <\/p><p>Notre si\u00e8ge social est situ\u00e9 \u00e0 Tanumshede, dans le nord du Bohusl\u00e4n, en Su\u00e8de, mais nous sommes une entreprise d&rsquo;envergure internationale qui compte des repr\u00e9sentants et des revendeurs dans le monde entier. Nos simulateurs sont pr\u00e9sents sur tous les continents, et nous ne faisons que commencer. <\/p><p> <\/p><\/div>\t\t\t\t\t\t\t\t<\/div>\n\t\t\t\t<\/div>\n\t\t\t\t\t<\/div>\n\t\t\t\t<\/div>\n\t\t<div class=\"elementor-element elementor-element-4f360b1 e-flex e-con-boxed e-con e-parent\" data-id=\"4f360b1\" data-element_type=\"container\" data-e-type=\"container\">\n\t\t\t\t\t<div class=\"e-con-inner\">\n\t\t<div class=\"elementor-element elementor-element-9e25139 e-con-full e-flex elementor-invisible e-con e-child\" data-id=\"9e25139\" data-element_type=\"container\" data-e-type=\"container\" data-settings=\"{&quot;animation&quot;:&quot;fadeIn&quot;}\">\n\t\t\t\t<div class=\"elementor-element elementor-element-d2840cb elementor-widget elementor-widget-image\" data-id=\"d2840cb\" data-element_type=\"widget\" data-e-type=\"widget\" data-widget_type=\"image.default\">\n\t\t\t\t<div class=\"elementor-widget-container\">\n\t\t\t\t\t\t\t\t\t\t\t\t\t\t\t<img fetchpriority=\"high\" decoding=\"async\" width=\"480\" height=\"480\" src=\"https:\/\/tenstarsimulation.com\/wp-content\/uploads\/2023\/11\/freddy_lund.jpg\" class=\"attachment-large size-large wp-image-1115\" alt=\"\" srcset=\"https:\/\/tenstarsimulation.com\/wp-content\/uploads\/2023\/11\/freddy_lund.jpg.webp 480w, https:\/\/tenstarsimulation.com\/wp-content\/uploads\/2023\/11\/freddy_lund-300x300.jpg.webp 300w, https:\/\/tenstarsimulation.com\/wp-content\/uploads\/2023\/11\/freddy_lund-150x150.jpg.webp 150w\" sizes=\"(max-width: 480px) 100vw, 480px\" \/>\t\t\t\t\t\t\t\t\t\t\t\t\t\t\t<\/div>\n\t\t\t\t<\/div>\n\t\t\t\t<div class=\"elementor-element elementor-element-8aa0247 elementor-widget elementor-widget-heading\" data-id=\"8aa0247\" data-element_type=\"widget\" data-e-type=\"widget\" data-widget_type=\"heading.default\">\n\t\t\t\t<div class=\"elementor-widget-container\">\n\t\t\t\t\t<h5 class=\"elementor-heading-title elementor-size-default\">DIRECTEUR G\u00c9N\u00c9RAL, PROJETS ET\nVENTES INTERNATIONALES<\/h5>\t\t\t\t<\/div>\n\t\t\t\t<\/div>\n\t\t\t\t<div class=\"elementor-element elementor-element-4e19d5d elementor-widget elementor-widget-text-editor\" data-id=\"4e19d5d\" data-element_type=\"widget\" data-e-type=\"widget\" data-widget_type=\"text-editor.default\">\n\t\t\t\t<div class=\"elementor-widget-container\">\n\t\t\t\t\t\t\t\t\t<div class=\"intro small-text\" style=\"box-sizing: inherit; font-family: 'Ubuntu'; line-height: 1.3;\"><p style=\"box-sizing: inherit; margin: 0px; padding: 0px; text-align: center;\">Freddy Lund<\/p><\/div>\t\t\t\t\t\t\t\t<\/div>\n\t\t\t\t<\/div>\n\t\t\t\t<\/div>\n\t\t\t\t<div class=\"elementor-element elementor-element-0dce081 elementor-widget elementor-widget-heading\" data-id=\"0dce081\" data-element_type=\"widget\" data-e-type=\"widget\" data-widget_type=\"heading.default\">\n\t\t\t\t<div class=\"elementor-widget-container\">\n\t\t\t\t\t<h2 class=\"elementor-heading-title elementor-size-default\">Notre mission est de minimiser les \u00e9missions, d'augmenter la performance de conduite et d'am\u00e9liorer la s\u00e9curit\u00e9 pendant et apr\u00e8s la formation des utilisateurs de machines et de v\u00e9hicules.<\/h2>\t\t\t\t<\/div>\n\t\t\t\t<\/div>\n\t\t\t\t<div class=\"elementor-element elementor-element-bf81d57 elementor-widget elementor-widget-spacer\" data-id=\"bf81d57\" data-element_type=\"widget\" data-e-type=\"widget\" data-widget_type=\"spacer.default\">\n\t\t\t\t<div class=\"elementor-widget-container\">\n\t\t\t\t\t\t\t<div class=\"elementor-spacer\">\n\t\t\t<div class=\"elementor-spacer-inner\"><\/div>\n\t\t<\/div>\n\t\t\t\t\t\t<\/div>\n\t\t\t\t<\/div>\n\t\t\t\t\t<\/div>\n\t\t\t\t<\/div>\n\t\t\t\t<\/div>\n\t\t","protected":false},"excerpt":{"rendered":"<p>BIENVENUE DANS NOTRE MONDE DE SIMULATION ! Tenstar Simulation a pour ambition de transformer le monde. Nous concevons, d\u00e9veloppons et commercialisons des outils de formation bas\u00e9s sur la simulation, \u00e0 destination des \u00e9coles, centres de formation et entreprises.Nos solutions couvrent les secteurs de l\u2019agriculture, de la construction, du transport, de la circulation routi\u00e8re et de [&hellip;]<\/p>\n","protected":false},"author":2,"featured_media":0,"parent":0,"menu_order":0,"comment_status":"closed","ping_status":"closed","template":"","meta":{"footnotes":""},"class_list":["post-6030","page","type-page","status-publish","hentry"],"_links":{"self":[{"href":"https:\/\/tenstarsimulation.com\/fr\/wp-json\/wp\/v2\/pages\/6030","targetHints":{"allow":["GET"]}}],"collection":[{"href":"https:\/\/tenstarsimulation.com\/fr\/wp-json\/wp\/v2\/pages"}],"about":[{"href":"https:\/\/tenstarsimulation.com\/fr\/wp-json\/wp\/v2\/types\/page"}],"author":[{"embeddable":true,"href":"https:\/\/tenstarsimulation.com\/fr\/wp-json\/wp\/v2\/users\/2"}],"replies":[{"embeddable":true,"href":"https:\/\/tenstarsimulation.com\/fr\/wp-json\/wp\/v2\/comments?post=6030"}],"version-history":[{"count":2,"href":"https:\/\/tenstarsimulation.com\/fr\/wp-json\/wp\/v2\/pages\/6030\/revisions"}],"predecessor-version":[{"id":13637,"href":"https:\/\/tenstarsimulation.com\/fr\/wp-json\/wp\/v2\/pages\/6030\/revisions\/13637"}],"wp:attachment":[{"href":"https:\/\/tenstarsimulation.com\/fr\/wp-json\/wp\/v2\/media?parent=6030"}],"curies":[{"name":"wp","href":"https:\/\/api.w.org\/{rel}","templated":true}]}}