{"id":6334,"date":"2023-11-20T09:49:01","date_gmt":"2023-11-20T09:49:01","guid":{"rendered":"https:\/\/tenstar.kustitutveckling2.se\/tietosuojakaytanto\/"},"modified":"2024-02-06T09:01:58","modified_gmt":"2024-02-06T09:01:58","slug":"tietosuojakaytanto","status":"publish","type":"page","link":"https:\/\/tenstarsimulation.com\/fi\/tietosuojakaytanto\/","title":{"rendered":"Tietosuojak\u00e4yt\u00e4nt\u00f6"},"content":{"rendered":"\t\t<div data-elementor-type=\"wp-page\" data-elementor-id=\"6334\" class=\"elementor elementor-6334 elementor-823\" data-elementor-post-type=\"page\">\n\t\t\t\t<div class=\"elementor-element elementor-element-64204ff e-flex e-con-boxed e-con e-parent\" data-id=\"64204ff\" data-element_type=\"container\" data-e-type=\"container\">\n\t\t\t\t\t<div class=\"e-con-inner\">\n\t\t\t\t<div class=\"elementor-element elementor-element-f921218 elementor-widget elementor-widget-spacer\" data-id=\"f921218\" data-element_type=\"widget\" data-e-type=\"widget\" data-widget_type=\"spacer.default\">\n\t\t\t\t<div class=\"elementor-widget-container\">\n\t\t\t\t\t\t\t<div class=\"elementor-spacer\">\n\t\t\t<div class=\"elementor-spacer-inner\"><\/div>\n\t\t<\/div>\n\t\t\t\t\t\t<\/div>\n\t\t\t\t<\/div>\n\t\t\t\t<div class=\"elementor-element elementor-element-fd45683 elementor-widget elementor-widget-heading\" data-id=\"fd45683\" data-element_type=\"widget\" data-e-type=\"widget\" data-widget_type=\"heading.default\">\n\t\t\t\t<div class=\"elementor-widget-container\">\n\t\t\t\t\t<h1 class=\"elementor-heading-title elementor-size-default\">TIETOSUOJAPOLITIIKKA<\/h1>\t\t\t\t<\/div>\n\t\t\t\t<\/div>\n\t\t\t\t\t<\/div>\n\t\t\t\t<\/div>\n\t\t<div class=\"elementor-element elementor-element-5823c2f e-flex e-con-boxed e-con e-parent\" data-id=\"5823c2f\" data-element_type=\"container\" data-e-type=\"container\">\n\t\t\t\t\t<div class=\"e-con-inner\">\n\t\t\t\t<div class=\"elementor-element elementor-element-b8fb7f1 elementor-widget elementor-widget-text-editor\" data-id=\"b8fb7f1\" data-element_type=\"widget\" data-e-type=\"widget\" data-widget_type=\"text-editor.default\">\n\t\t\t\t<div class=\"elementor-widget-container\">\n\t\t\t\t\t\t\t\t\t<article class=\" \">\n<div class=\"container grid-md\">\n<div class=\"columns firstTop\">\n<div class=\" column\">\n<p>Tenstar Simulation AB ja Tenstar AB, suojaa henkil\u00f6kohtaista koskemattomuuttasi. Siksi pyrimme aina suojaamaan henkil\u00f6tietojasi parhaalla mahdollisella tavalla ja noudattamaan kaikkia henkil\u00f6tietojen suojaa koskevia lakeja ja asetuksia.<\/p>\n<p>T\u00e4t\u00e4 k\u00e4yt\u00e4nt\u00f6\u00e4 sovelletaan kaikkiin asiakastietoihin, jotka on ker\u00e4tty osoitteessa www.tenstarsimulation.com, puhelimitse ja s\u00e4hk\u00f6postitse. K\u00e4yt\u00e4nt\u00f6\u00e4 sovelletaan my\u00f6s sinuun, joka olet rekister\u00f6itynyt meille.<\/p>\n<p>Tenstar Simulation AB, Org. Nr. 556786-5570, Tenstar AB org nr 556703-2684, osoite Storemyrsv\u00e4gen 2, 457 31 Tanumshede email info@tenstarsimulation.com, on vastuussa henkil\u00f6tietojesi k\u00e4sittelyst\u00e4.<\/p>\n<h3>HENKIL\u00d6TIETOJEN K\u00c4SITTELY<\/h3>\n<p>K\u00e4sittelem\u00e4mme henkil\u00f6tiedot ovat meille antamiasi tietoja, kuten nimesi, s\u00e4hk\u00f6postiosoitteesi, toimitusosoitteesi ja puhelinnumerosi. N\u00e4it\u00e4 tietoja k\u00e4sitell\u00e4\u00e4n, jotta voimme hallinnoida ostojasi ja t\u00e4ytt\u00e4\u00e4 sitoumuksemme sinulle asiakkaana. T\u00e4t\u00e4 tarkoitusta varten voimme jakaa edell\u00e4 mainittuja henkil\u00f6tietoja yhteisty\u00f6kumppaneillemme, kuten maksujen v\u00e4litt\u00e4jille ja luottolaitoksille maksu- tai luottotietoja varten sek\u00e4 kuljetusyrityksille, jotka kuljettavat tilauksesi valittuun toimitusosoitteeseen. K\u00e4sittelyn oikeusperusteena on se, ett\u00e4 se on tarpeen, jotta voimme t\u00e4ytt\u00e4\u00e4 ostoasi koskevan sopimuksen. Jos tietoja ei toimiteta meille, emme voi t\u00e4ytt\u00e4\u00e4 sinua koskevia sitoumuksiamme.<\/p>\n<p>Haluamme, ett\u00e4 jatkat asiakaskuntamme j\u00e4senen\u00e4 ja saat tarjouksemme ja p\u00e4ivityksemme, joten k\u00e4yt\u00e4mme s\u00e4hk\u00f6postiosoitettasi, osoitettasi ja puhelinnumeroasi my\u00f6s uutiskirjeidemme l\u00e4hett\u00e4miseen s\u00e4hk\u00f6postitse. Oikeusperuste n\u00e4iden henkil\u00f6tietojen k\u00e4sittelylle uutiskirjeiden l\u00e4hett\u00e4mist\u00e4 varten on oikeutettu etumme olla yhteydess\u00e4 sinuun asiakkaana markkinointitarkoituksessa. T\u00e4t\u00e4 tarkoitusta varten saatamme my\u00f6s jakaa henkil\u00f6tietojasi mainostoimistojen kanssa esim. seuraavasti. painatus ja jakelu.<\/p>\n<p>Edell\u00e4 mainittujen henkil\u00f6tietojen lis\u00e4ksi k\u00e4sittelemme sinua rekister\u00f6ityneen\u00e4 asiakkaana, jopa tilaushistoriaasi. K\u00e4sittelyn oikeusperusteena on suostumuksesi, jonka annoit, kun sinusta tuli asiakkaamme. Henkil\u00f6tietoja k\u00e4sitell\u00e4\u00e4n, jotta voimme hallinnoida sinua asiakkaana, helpottaa sinua k\u00e4ytt\u00e4j\u00e4n\u00e4 sek\u00e4 l\u00e4hett\u00e4\u00e4 uutiskirjeit\u00e4. Tietoja voidaan k\u00e4ytt\u00e4\u00e4 my\u00f6s posti- ja s\u00e4hk\u00f6postil\u00e4hetyksiin, kunnes peruutat suostumuksesi. Tilaushistoriaa k\u00e4sitell\u00e4\u00e4n aiempien tilausten seuraamiseksi. K\u00e4sittelemme syntym\u00e4aikaasi vain, kun haemme tuotteidemme vuokrausta tai leasing-vuokrausta ulkopuolisilta luottolaitoksilta.<\/p>\n<h3>COOKIES<\/h3>\n<p>Sivustollamme k\u00e4ytet\u00e4\u00e4n ev\u00e4steit\u00e4 eli pieni\u00e4 tekstitiedostoja, jotka tallennetaan k\u00e4vij\u00e4n tietokoneelle ja jotka voivat muun muassa tallentaa henkil\u00f6kohtaisia asetuksia ja joiden avulla voidaan seurata, mit\u00e4 k\u00e4vij\u00e4 tekee sivustolla. Kun vierailet verkkosivustollamme, saat sivun alareunaan ponnahdusikkunan, jossa voit hyv\u00e4ksy\u00e4 ev\u00e4steet.<\/p>\n<p>Tietyt ev\u00e4steet ovat v\u00e4ltt\u00e4m\u00e4tt\u00f6mi\u00e4 verkkosivustomme sis\u00e4ll\u00f6n n\u00e4ytt\u00e4miseksi, eik\u00e4 niit\u00e4 voi poistaa k\u00e4yt\u00f6st\u00e4, jos haluat k\u00e4ytt\u00e4\u00e4 kaikkia sivustomme toimintoja. N\u00e4m\u00e4 ev\u00e4steet eiv\u00e4t tallenna mit\u00e4\u00e4n tietoja, joista sinut voitaisiin tunnistaa yksil\u00f6n\u00e4. Jotkin ev\u00e4steet ovat k\u00e4ytett\u00e4viss\u00e4 parantamaan k\u00e4ytt\u00f6kokemustasi, kun vierailet sivustollamme. T\u00e4h\u00e4n luokkaan kuuluvat ev\u00e4steet, joita k\u00e4ytet\u00e4\u00e4n seuraaviin tarkoituksiin:<\/p>\n<p>Yhteydenvalvontaev\u00e4steet (ns. istuntoev\u00e4steet), joiden tarkoituksena on tunnistaa ja todentaa k\u00e4ytt\u00e4j\u00e4 verkkosivustolla k\u00e4ynnin aikana. Istuntoev\u00e4ste sis\u00e4lt\u00e4\u00e4 satunnaisen merkkijonon (istuntotunniste), joka on m\u00e4\u00e4ritetty vierailijan laitteelle. Istuntoev\u00e4steit\u00e4 k\u00e4ytet\u00e4\u00e4n esimerkiksi joidenkin k\u00e4ytt\u00e4j\u00e4asetusten, kuten kielen tai esit\u00e4ytettyjen lomakkeiden, asettamiseen ja muistamiseen, jotta vierailija voi helpommin vierailla sivustolla.<\/p>\n<p>K\u00e4yt\u00e4mme analyysiev\u00e4stej\u00e4 arvioidaksemme ja yll\u00e4pit\u00e4\u00e4ksemme tilastoja k\u00e4vij\u00f6idemme yleisest\u00e4 k\u00e4ytt\u00e4ytymisest\u00e4 sivustollamme. Mit\u00e4 ulkoisia sivuja k\u00e4vij\u00e4t tulevat verkkosivustollemme, mit\u00e4 kyselyj\u00e4 k\u00e4ytet\u00e4\u00e4n ja mill\u00e4 sivuilla k\u00e4yd\u00e4\u00e4n useimmin.<\/p>\n<h3>KUINKA KAUAN HENKIL\u00d6TIETOJASI S\u00c4ILYTET\u00c4\u00c4N?<\/h3>\n<p>Henkil\u00f6tietojasi ei tallenneta pidemm\u00e4ksi aikaa kuin on tarpeen kauppaan liittyvien sitoumustemme t\u00e4ytt\u00e4miseksi. Jos olet nimenomaisesti antanut suostumuksesi uutiskirjeiden vastaanottamiseen, tallennamme yhteystietosi, kunnes pyyd\u00e4t meit\u00e4 lopettamaan uutiskirjeiden l\u00e4hett\u00e4misen. Henkil\u00f6tietojasi voidaan tallentaa edelleen siin\u00e4 m\u00e4\u00e4rin kuin laki edellytt\u00e4\u00e4 sit\u00e4. Jos olet asiakkaamme, k\u00e4sittelemme kuitenkin kaikkia henkil\u00f6tietojasi, kunnes ilmoitat meille poistavasi sinut asiakkaana tai pyyd\u00e4t meit\u00e4 poistamaan tietyt tiedot.<\/p>\n<h3>HENKIL\u00d6TIETOJEN SIIRTO<\/h3>\n<p>Me ja tarvittaessa yhteisty\u00f6kumppanimme olemme toteuttaneet useita turvatoimia k\u00e4sitelt\u00e4vien henkil\u00f6tietojen suojaamiseksi. K\u00e4yt\u00f6ss\u00e4mme on palomuurit ja virustorjuntaohjelmistot, jotka suojaavat ja est\u00e4v\u00e4t luvattoman p\u00e4\u00e4syn verkkoihimme ja j\u00e4rjestelmiimme. Ty\u00f6ntekij\u00f6ill\u00e4mme on tiukat ohjeet k\u00e4sitell\u00e4 kaikkia henkil\u00f6tietoja sovellettavien lakien ja asetusten mukaisesti. Vain osalla ty\u00f6ntekij\u00f6ist\u00e4mme on p\u00e4\u00e4sy tiloihin ja j\u00e4rjestelmiin, joissa henkil\u00f6tietoja s\u00e4ilytet\u00e4\u00e4n, ja n\u00e4ihin j\u00e4rjestelmiin kirjautuminen edellytt\u00e4\u00e4 salasanaa ja k\u00e4ytt\u00e4j\u00e4tunnusta.<\/p>\n<h3>SINUN OIKEUTESI<\/h3>\n<p>Sinulla on oikeus peruuttaa henkil\u00f6tietojen k\u00e4sittely\u00e4 koskeva suostumuksesi kokonaan tai osittain milloin tahansa. Suostumuksesi peruuttaminen ei kuitenkaan vaikuta siihen, ett\u00e4 k\u00e4sittelemme henkil\u00f6tietojasi ennen peruuttamista. Sinulla on my\u00f6s oikeus milloin tahansa vastustaa henkil\u00f6tietojesi k\u00e4sittely\u00e4 markkinointia varten. Sovellettavan tietosuojalains\u00e4\u00e4d\u00e4nn\u00f6n mukaisesti sinulla on my\u00f6s oikeus saada kerran kalenterivuodessa maksutta tietoa k\u00e4sittelemist\u00e4mme henkil\u00f6tiedoista. Jos haluat t\u00e4llaisia tietoja, l\u00e4het\u00e4 meille kirjallinen pyynt\u00f6 postitse kohdassa Yhteystiedot mainittuun osoitteeseen (pyynt\u00f6\u00e4 ei voi l\u00e4hett\u00e4\u00e4 s\u00e4hk\u00f6postitse). Sinun on allekirjoitettava kirjallinen pyynt\u00f6.<\/p>\n<p>Sinulla on my\u00f6s oikeus saada itse\u00e4si koskevat henkil\u00f6tiedot, jotka olet toimittanut meille, j\u00e4sennellyss\u00e4, laajalti k\u00e4ytetyss\u00e4 ja koneellisesti luettavassa muodossa, ja sinulla on oikeus siirt\u00e4\u00e4 ne toiselle henkil\u00f6kohtaisesti vastuussa olevalle henkil\u00f6lle (tietojen siirrett\u00e4vyys).<\/p>\n<p>Jos henkil\u00f6tietojasi k\u00e4sitell\u00e4\u00e4n sovellettavien tietosuojalakien vastaisesti, sinulla on oikeus pyyt\u00e4\u00e4, ett\u00e4 henkil\u00f6tiedot korjataan, estet\u00e4\u00e4n tai poistetaan. Sinulla on my\u00f6s oikeus vaatia hoidon rajoittamista. Voit tehd\u00e4 valituksia my\u00f6s tietosuojavaltuutetulle, joka valvoo yritysten henkil\u00f6tietojen k\u00e4sittely\u00e4.<\/p>\n<h3>TIETOSUOJAK\u00c4YT\u00c4NN\u00d6N MUUTOS<\/h3>\n<p>Pid\u00e4t\u00e4mme oikeuden muuttaa tietosuojak\u00e4yt\u00e4nt\u00f6\u00e4mme milloin tahansa. Voit tarkastella t\u00e4m\u00e4n tietosuojak\u00e4yt\u00e4nn\u00f6n asemaa p\u00e4iv\u00e4m\u00e4\u00e4r\u00e4n mukaan t\u00e4m\u00e4n asiakirjan alussa.<\/p>\n<\/div>\n<\/div>\n<\/div>\n<\/article>\n\t\t\t\t\t\t\t\t<\/div>\n\t\t\t\t<\/div>\n\t\t\t\t\t<\/div>\n\t\t\t\t<\/div>\n\t\t\t\t<\/div>\n\t\t","protected":false},"excerpt":{"rendered":"<p>TIETOSUOJAPOLITIIKKA Tenstar Simulation AB ja Tenstar AB, suojaa henkil\u00f6kohtaista koskemattomuuttasi. Siksi pyrimme aina suojaamaan henkil\u00f6tietojasi parhaalla mahdollisella tavalla ja noudattamaan kaikkia henkil\u00f6tietojen suojaa koskevia lakeja ja asetuksia. T\u00e4t\u00e4 k\u00e4yt\u00e4nt\u00f6\u00e4 sovelletaan kaikkiin asiakastietoihin, jotka on ker\u00e4tty osoitteessa www.tenstarsimulation.com, puhelimitse ja s\u00e4hk\u00f6postitse. K\u00e4yt\u00e4nt\u00f6\u00e4 sovelletaan my\u00f6s sinuun, joka olet rekister\u00f6itynyt meille. Tenstar Simulation AB, Org. Nr. 556786-5570, Tenstar [&hellip;]<\/p>\n","protected":false},"author":2,"featured_media":0,"parent":0,"menu_order":0,"comment_status":"closed","ping_status":"closed","template":"","meta":{"footnotes":""},"class_list":["post-6334","page","type-page","status-publish","hentry"],"_links":{"self":[{"href":"https:\/\/tenstarsimulation.com\/fi\/wp-json\/wp\/v2\/pages\/6334","targetHints":{"allow":["GET"]}}],"collection":[{"href":"https:\/\/tenstarsimulation.com\/fi\/wp-json\/wp\/v2\/pages"}],"about":[{"href":"https:\/\/tenstarsimulation.com\/fi\/wp-json\/wp\/v2\/types\/page"}],"author":[{"embeddable":true,"href":"https:\/\/tenstarsimulation.com\/fi\/wp-json\/wp\/v2\/users\/2"}],"replies":[{"embeddable":true,"href":"https:\/\/tenstarsimulation.com\/fi\/wp-json\/wp\/v2\/comments?post=6334"}],"version-history":[{"count":1,"href":"https:\/\/tenstarsimulation.com\/fi\/wp-json\/wp\/v2\/pages\/6334\/revisions"}],"predecessor-version":[{"id":6336,"href":"https:\/\/tenstarsimulation.com\/fi\/wp-json\/wp\/v2\/pages\/6334\/revisions\/6336"}],"wp:attachment":[{"href":"https:\/\/tenstarsimulation.com\/fi\/wp-json\/wp\/v2\/media?parent=6334"}],"curies":[{"name":"wp","href":"https:\/\/api.w.org\/{rel}","templated":true}]}}