{"id":6088,"date":"2024-01-02T15:45:56","date_gmt":"2024-01-02T15:45:56","guid":{"rendered":"https:\/\/tenstar.kustitutveckling2.se\/suosittelut\/"},"modified":"2024-02-06T08:59:36","modified_gmt":"2024-02-06T08:59:36","slug":"suosittelut","status":"publish","type":"page","link":"https:\/\/tenstarsimulation.com\/fi\/suosittelut\/","title":{"rendered":"Suosittelut"},"content":{"rendered":"\t\t<div data-elementor-type=\"wp-page\" data-elementor-id=\"6088\" class=\"elementor elementor-6088 elementor-4188\" data-elementor-post-type=\"page\">\n\t\t\t\t<div class=\"elementor-element elementor-element-6f5684b e-flex e-con-boxed e-con e-parent\" data-id=\"6f5684b\" data-element_type=\"container\" data-e-type=\"container\">\n\t\t\t\t\t<div class=\"e-con-inner\">\n\t\t\t\t<div class=\"elementor-element elementor-element-1dfc89b elementor-widget elementor-widget-spacer\" data-id=\"1dfc89b\" data-element_type=\"widget\" data-e-type=\"widget\" data-widget_type=\"spacer.default\">\n\t\t\t\t<div class=\"elementor-widget-container\">\n\t\t\t\t\t\t\t<div class=\"elementor-spacer\">\n\t\t\t<div class=\"elementor-spacer-inner\"><\/div>\n\t\t<\/div>\n\t\t\t\t\t\t<\/div>\n\t\t\t\t<\/div>\n\t\t\t\t<div class=\"elementor-element elementor-element-a1658a5 elementor-widget elementor-widget-heading\" data-id=\"a1658a5\" data-element_type=\"widget\" data-e-type=\"widget\" data-widget_type=\"heading.default\">\n\t\t\t\t<div class=\"elementor-widget-container\">\n\t\t\t\t\t<h2 class=\"elementor-heading-title elementor-size-default\">Tapaustutkimukset<\/h2>\t\t\t\t<\/div>\n\t\t\t\t<\/div>\n\t\t\t\t<div class=\"elementor-element elementor-element-53dd954 elementor-widget elementor-widget-spacer\" data-id=\"53dd954\" data-element_type=\"widget\" data-e-type=\"widget\" data-widget_type=\"spacer.default\">\n\t\t\t\t<div class=\"elementor-widget-container\">\n\t\t\t\t\t\t\t<div class=\"elementor-spacer\">\n\t\t\t<div class=\"elementor-spacer-inner\"><\/div>\n\t\t<\/div>\n\t\t\t\t\t\t<\/div>\n\t\t\t\t<\/div>\n\t\t\t\t\t<\/div>\n\t\t\t\t<\/div>\n\t\t<div class=\"elementor-element elementor-element-195ecb0 e-flex e-con-boxed e-con e-parent\" data-id=\"195ecb0\" data-element_type=\"container\" data-e-type=\"container\">\n\t\t\t\t\t<div class=\"e-con-inner\">\n\t\t\t\t\t<\/div>\n\t\t\t\t<\/div>\n\t\t<div class=\"elementor-element elementor-element-30635a8 e-flex e-con-boxed e-con e-parent\" data-id=\"30635a8\" data-element_type=\"container\" data-e-type=\"container\">\n\t\t\t\t\t<div class=\"e-con-inner\">\n\t\t\t\t<div class=\"elementor-element elementor-element-46b94c7 elementor-widget elementor-widget-spacer\" data-id=\"46b94c7\" data-element_type=\"widget\" data-e-type=\"widget\" data-widget_type=\"spacer.default\">\n\t\t\t\t<div class=\"elementor-widget-container\">\n\t\t\t\t\t\t\t<div class=\"elementor-spacer\">\n\t\t\t<div class=\"elementor-spacer-inner\"><\/div>\n\t\t<\/div>\n\t\t\t\t\t\t<\/div>\n\t\t\t\t<\/div>\n\t\t\t\t<div class=\"elementor-element elementor-element-d4097b5 elementor-testimonial--skin-default elementor-testimonial--layout-image_inline elementor-testimonial--align-center elementor-arrows-yes elementor-pagination-type-bullets elementor-widget elementor-widget-testimonial-carousel\" data-id=\"d4097b5\" data-element_type=\"widget\" data-e-type=\"widget\" data-settings=\"{&quot;show_arrows&quot;:&quot;yes&quot;,&quot;pagination&quot;:&quot;bullets&quot;,&quot;speed&quot;:500,&quot;autoplay&quot;:&quot;yes&quot;,&quot;autoplay_speed&quot;:5000,&quot;loop&quot;:&quot;yes&quot;,&quot;pause_on_hover&quot;:&quot;yes&quot;,&quot;pause_on_interaction&quot;:&quot;yes&quot;,&quot;space_between&quot;:{&quot;unit&quot;:&quot;px&quot;,&quot;size&quot;:10,&quot;sizes&quot;:[]},&quot;space_between_tablet&quot;:{&quot;unit&quot;:&quot;px&quot;,&quot;size&quot;:10,&quot;sizes&quot;:[]},&quot;space_between_mobile&quot;:{&quot;unit&quot;:&quot;px&quot;,&quot;size&quot;:10,&quot;sizes&quot;:[]}}\" data-widget_type=\"testimonial-carousel.default\">\n\t\t\t\t<div class=\"elementor-widget-container\">\n\t\t\t\t\t\t\t\t\t<div class=\"elementor-swiper\">\n\t\t\t\t\t<div class=\"elementor-main-swiper swiper\" role=\"region\" aria-roledescription=\"carousel\" aria-label=\"Slides\">\n\t\t\t\t<div class=\"swiper-wrapper\">\n\t\t\t\t\t\t\t\t\t\t\t<div class=\"swiper-slide\" role=\"group\" aria-roledescription=\"slide\">\n\t\t\t\t\t\t\t\t\t<div class=\"elementor-testimonial\">\n\t\t\t\t\t\t\t<div class=\"elementor-testimonial__content\">\n\t\t\t\t\t<div class=\"elementor-testimonial__text\">\n\t\t\t\t\t\t<p>\"Pyrimme k\u00e4ytt\u00e4m\u00e4\u00e4n simulaattoria meid\u00e4n jatkeena, jotta voimme tarjota opiskelijoille ymp\u00e4rist\u00f6yst\u00e4v\u00e4llisemm\u00e4n, kustannustehokkaamman ja sujuvamman tavan harjoitella.\"<\/p>\n\t\t\t\t\t<\/div>\n\t\t\t\t\t\t\t\t\t<\/div>\n\t\t\t\t\t\t<div class=\"elementor-testimonial__footer\">\n\t\t\t\t\t\t\t\t\t<div class=\"elementor-testimonial__image\">\n\t\t\t\t\t\t<img decoding=\"async\" src=\"https:\/\/tenstarsimulation.com\/wp-content\/uploads\/2024\/01\/alexandra.jpg\" alt=\"Alexandra Larsson\">\n\t\t\t\t\t\t\t\t\t\t\t<\/div>\n\t\t\t\t\t\t\t\t<cite class=\"elementor-testimonial__cite\"><span class=\"elementor-testimonial__name\">Alexandra Larsson<\/span><span class=\"elementor-testimonial__title\">omistaja Rosa Kortet driving schoo<\/span><\/cite>\t\t\t<\/div>\n\t\t<\/div>\n\t\t\t\t\t\t\t\t<\/div>\n\t\t\t\t\t\t\t\t\t\t\t<div class=\"swiper-slide\" role=\"group\" aria-roledescription=\"slide\">\n\t\t\t\t\t\t\t\t\t<div class=\"elementor-testimonial\">\n\t\t\t\t\t\t\t<div class=\"elementor-testimonial__content\">\n\t\t\t\t\t<div class=\"elementor-testimonial__text\">\n\t\t\t\t\t\t<p>\"Ajamme paljon autolla, mik\u00e4 kuluttaa paljon dieseli\u00e4, ja olemme laskeneet, ett\u00e4 ymp\u00e4rist\u00f6vaikutukset ovat v\u00e4hentyneet noin 30 prosenttia simulaattoreiden hankkimisen j\u00e4lkeen.\"<\/p>\n\t\t\t\t\t<\/div>\n\t\t\t\t\t\t\t\t\t<\/div>\n\t\t\t\t\t\t<div class=\"elementor-testimonial__footer\">\n\t\t\t\t\t\t\t\t\t<div class=\"elementor-testimonial__image\">\n\t\t\t\t\t\t<img decoding=\"async\" src=\"https:\/\/tenstarsimulation.com\/wp-content\/uploads\/2024\/01\/Mikael_Bryngelsson-e1718721616919.png\" alt=\"Mikael Bryngelsson\">\n\t\t\t\t\t\t\t\t\t\t\t<\/div>\n\t\t\t\t\t\t\t\t<cite class=\"elementor-testimonial__cite\"><span class=\"elementor-testimonial__name\">Mikael Bryngelsson<\/span><span class=\"elementor-testimonial__title\">Opettaja Maatalousohjelma<\/span><\/cite>\t\t\t<\/div>\n\t\t<\/div>\n\t\t\t\t\t\t\t\t<\/div>\n\t\t\t\t\t\t\t\t\t\t\t<div class=\"swiper-slide\" role=\"group\" aria-roledescription=\"slide\">\n\t\t\t\t\t\t\t\t\t<div class=\"elementor-testimonial\">\n\t\t\t\t\t\t\t<div class=\"elementor-testimonial__content\">\n\t\t\t\t\t<div class=\"elementor-testimonial__text\">\n\t\t\t\t\t\t<p>\"Kun k\u00e4yt\u00e4t simulaattoria oikein, sinulla on hyv\u00e4 m\u00e4\u00e4r\u00e4 ennakkotietoa, kun astut oikeaan autoon. T\u00e4m\u00e4 voi ehdottomasti v\u00e4hent\u00e4\u00e4 ajotunteja tien p\u00e4\u00e4ll\u00e4.\"<\/p>\n\t\t\t\t\t<\/div>\n\t\t\t\t\t\t\t\t\t<\/div>\n\t\t\t\t\t\t<div class=\"elementor-testimonial__footer\">\n\t\t\t\t\t\t\t\t\t<div class=\"elementor-testimonial__image\">\n\t\t\t\t\t\t<img decoding=\"async\" src=\"https:\/\/tenstarsimulation.com\/wp-content\/uploads\/2024\/01\/alexandra.jpg\" alt=\"Alexandra Larsson\">\n\t\t\t\t\t\t\t\t\t\t\t<\/div>\n\t\t\t\t\t\t\t\t<cite class=\"elementor-testimonial__cite\"><span class=\"elementor-testimonial__name\">Alexandra Larsson<\/span><span class=\"elementor-testimonial__title\">omistaja Rosa Kortet autokoulu<\/span><\/cite>\t\t\t<\/div>\n\t\t<\/div>\n\t\t\t\t\t\t\t\t<\/div>\n\t\t\t\t\t\t\t\t\t<\/div>\n\t\t\t\t\t\t\t\t\t\t\t\t\t\t\t<div class=\"elementor-swiper-button elementor-swiper-button-prev\" role=\"button\" tabindex=\"0\" aria-label=\"Previous\">\n\t\t\t\t\t\t\t<i aria-hidden=\"true\" class=\"eicon-chevron-left\"><\/i>\t\t\t\t\t\t<\/div>\n\t\t\t\t\t\t<div class=\"elementor-swiper-button elementor-swiper-button-next\" role=\"button\" tabindex=\"0\" aria-label=\"Next\">\n\t\t\t\t\t\t\t<i aria-hidden=\"true\" class=\"eicon-chevron-right\"><\/i>\t\t\t\t\t\t<\/div>\n\t\t\t\t\t\t\t\t\t\t\t\t\t\t\t\t<div class=\"swiper-pagination\"><\/div>\n\t\t\t\t\t\t\t\t\t\t\t\t<\/div>\n\t\t\t\t<\/div>\n\t\t\t\t\t\t\t\t<\/div>\n\t\t\t\t<\/div>\n\t\t\t\t<div class=\"elementor-element elementor-element-08e16d5 elementor-widget elementor-widget-spacer\" data-id=\"08e16d5\" data-element_type=\"widget\" data-e-type=\"widget\" data-widget_type=\"spacer.default\">\n\t\t\t\t<div class=\"elementor-widget-container\">\n\t\t\t\t\t\t\t<div class=\"elementor-spacer\">\n\t\t\t<div class=\"elementor-spacer-inner\"><\/div>\n\t\t<\/div>\n\t\t\t\t\t\t<\/div>\n\t\t\t\t<\/div>\n\t\t\t\t\t<\/div>\n\t\t\t\t<\/div>\n\t\t<div class=\"elementor-element elementor-element-1e53b42 e-flex e-con-boxed e-con e-parent\" data-id=\"1e53b42\" data-element_type=\"container\" data-e-type=\"container\" data-settings=\"{&quot;background_background&quot;:&quot;classic&quot;}\">\n\t\t\t\t\t<div class=\"e-con-inner\">\n\t\t\t\t<div class=\"elementor-element elementor-element-7027abe elementor-widget elementor-widget-heading\" data-id=\"7027abe\" data-element_type=\"widget\" data-e-type=\"widget\" data-widget_type=\"heading.default\">\n\t\t\t\t<div class=\"elementor-widget-container\">\n\t\t\t\t\t<h2 class=\"elementor-heading-title elementor-size-default\">Traktori nro 6 2023<\/h2>\t\t\t\t<\/div>\n\t\t\t\t<\/div>\n\t\t\t\t\t<\/div>\n\t\t\t\t<\/div>\n\t\t<div class=\"elementor-element elementor-element-369d399 e-flex e-con-boxed e-con e-parent\" data-id=\"369d399\" data-element_type=\"container\" data-e-type=\"container\" data-settings=\"{&quot;background_background&quot;:&quot;classic&quot;}\">\n\t\t\t\t\t<div class=\"e-con-inner\">\n\t\t\t\t<div class=\"elementor-element elementor-element-a13623c elementor-arrows-position-inside elementor-pagination-position-outside elementor-widget elementor-widget-image-carousel\" data-id=\"a13623c\" data-element_type=\"widget\" data-e-type=\"widget\" data-settings=\"{&quot;infinite&quot;:&quot;no&quot;,&quot;navigation&quot;:&quot;both&quot;,&quot;autoplay&quot;:&quot;yes&quot;,&quot;pause_on_hover&quot;:&quot;yes&quot;,&quot;pause_on_interaction&quot;:&quot;yes&quot;,&quot;autoplay_speed&quot;:5000,&quot;speed&quot;:500}\" data-widget_type=\"image-carousel.default\">\n\t\t\t\t<div class=\"elementor-widget-container\">\n\t\t\t\t\t\t\t<div class=\"elementor-image-carousel-wrapper swiper\" role=\"region\" aria-roledescription=\"carousel\" aria-label=\"Kuvakaruselli\" dir=\"ltr\">\n\t\t\t<div class=\"elementor-image-carousel swiper-wrapper\" aria-live=\"off\">\n\t\t\t\t\t\t\t\t<div class=\"swiper-slide\" role=\"group\" aria-roledescription=\"slide\" aria-label=\"1 of 6\"><a data-elementor-open-lightbox=\"yes\" data-elementor-lightbox-slideshow=\"a13623c\" data-elementor-lightbox-title=\"Traktor artikel1 - NORGE_Page_1_Image_0001\" data-e-action-hash=\"#elementor-action%3Aaction%3Dlightbox%26settings%3DeyJpZCI6NDE5NCwidXJsIjoiaHR0cHM6XC9cL3RlbnN0YXJzaW11bGF0aW9uLmNvbVwvd3AtY29udGVudFwvdXBsb2Fkc1wvMjAyNFwvMDFcL1RyYWt0b3ItYXJ0aWtlbDEtTk9SR0VfUGFnZV8xX0ltYWdlXzAwMDEtc2NhbGVkLmpwZyIsInNsaWRlc2hvdyI6ImExMzYyM2MifQ%3D%3D\" href=\"https:\/\/tenstarsimulation.com\/wp-content\/uploads\/2024\/01\/Traktor-artikel1-NORGE_Page_1_Image_0001-scaled.jpg\"><figure class=\"swiper-slide-inner\"><img decoding=\"async\" class=\"swiper-slide-image\" src=\"https:\/\/tenstarsimulation.com\/wp-content\/uploads\/2024\/01\/Traktor-artikel1-NORGE_Page_1_Image_0001-scaled.jpg\" alt=\"Traktor artikel1 - NORGE_Page_1_Image_0001\" \/><\/figure><\/a><\/div><div class=\"swiper-slide\" role=\"group\" aria-roledescription=\"slide\" aria-label=\"2 of 6\"><a data-elementor-open-lightbox=\"yes\" data-elementor-lightbox-slideshow=\"a13623c\" data-elementor-lightbox-title=\"Traktor artikel1 - NORGE_Page_2_Image_0001\" data-e-action-hash=\"#elementor-action%3Aaction%3Dlightbox%26settings%3DeyJpZCI6NDE5OSwidXJsIjoiaHR0cHM6XC9cL3RlbnN0YXJzaW11bGF0aW9uLmNvbVwvd3AtY29udGVudFwvdXBsb2Fkc1wvMjAyNFwvMDFcL1RyYWt0b3ItYXJ0aWtlbDEtTk9SR0VfUGFnZV8yX0ltYWdlXzAwMDEtc2NhbGVkLmpwZyIsInNsaWRlc2hvdyI6ImExMzYyM2MifQ%3D%3D\" href=\"https:\/\/tenstarsimulation.com\/wp-content\/uploads\/2024\/01\/Traktor-artikel1-NORGE_Page_2_Image_0001-scaled.jpg\"><figure class=\"swiper-slide-inner\"><img decoding=\"async\" class=\"swiper-slide-image\" src=\"https:\/\/tenstarsimulation.com\/wp-content\/uploads\/2024\/01\/Traktor-artikel1-NORGE_Page_2_Image_0001-scaled.jpg\" alt=\"Traktor artikel1 - NORGE_Page_2_Image_0001\" \/><\/figure><\/a><\/div><div class=\"swiper-slide\" role=\"group\" aria-roledescription=\"slide\" aria-label=\"3 of 6\"><a data-elementor-open-lightbox=\"yes\" data-elementor-lightbox-slideshow=\"a13623c\" data-elementor-lightbox-title=\"Traktor artikel1 - NORGE_Page_3_Image_0001\" data-e-action-hash=\"#elementor-action%3Aaction%3Dlightbox%26settings%3DeyJpZCI6NDIwNCwidXJsIjoiaHR0cHM6XC9cL3RlbnN0YXJzaW11bGF0aW9uLmNvbVwvd3AtY29udGVudFwvdXBsb2Fkc1wvMjAyNFwvMDFcL1RyYWt0b3ItYXJ0aWtlbDEtTk9SR0VfUGFnZV8zX0ltYWdlXzAwMDEtc2NhbGVkLmpwZyIsInNsaWRlc2hvdyI6ImExMzYyM2MifQ%3D%3D\" href=\"https:\/\/tenstarsimulation.com\/wp-content\/uploads\/2024\/01\/Traktor-artikel1-NORGE_Page_3_Image_0001-scaled.jpg\"><figure class=\"swiper-slide-inner\"><img decoding=\"async\" class=\"swiper-slide-image\" src=\"https:\/\/tenstarsimulation.com\/wp-content\/uploads\/2024\/01\/Traktor-artikel1-NORGE_Page_3_Image_0001-scaled.jpg\" alt=\"Traktor artikel1 - NORGE_Page_3_Image_0001\" \/><\/figure><\/a><\/div><div class=\"swiper-slide\" role=\"group\" aria-roledescription=\"slide\" aria-label=\"4 of 6\"><a data-elementor-open-lightbox=\"yes\" data-elementor-lightbox-slideshow=\"a13623c\" data-elementor-lightbox-title=\"Traktor artikel1 - NORGE_Page_4_Image_0001\" data-e-action-hash=\"#elementor-action%3Aaction%3Dlightbox%26settings%3DeyJpZCI6NDIwOSwidXJsIjoiaHR0cHM6XC9cL3RlbnN0YXJzaW11bGF0aW9uLmNvbVwvd3AtY29udGVudFwvdXBsb2Fkc1wvMjAyNFwvMDFcL1RyYWt0b3ItYXJ0aWtlbDEtTk9SR0VfUGFnZV80X0ltYWdlXzAwMDEtc2NhbGVkLmpwZyIsInNsaWRlc2hvdyI6ImExMzYyM2MifQ%3D%3D\" href=\"https:\/\/tenstarsimulation.com\/wp-content\/uploads\/2024\/01\/Traktor-artikel1-NORGE_Page_4_Image_0001-scaled.jpg\"><figure class=\"swiper-slide-inner\"><img decoding=\"async\" class=\"swiper-slide-image\" src=\"https:\/\/tenstarsimulation.com\/wp-content\/uploads\/2024\/01\/Traktor-artikel1-NORGE_Page_4_Image_0001-scaled.jpg\" alt=\"Traktor artikel1 - NORGE_Page_4_Image_0001\" \/><\/figure><\/a><\/div><div class=\"swiper-slide\" role=\"group\" aria-roledescription=\"slide\" aria-label=\"5 of 6\"><a data-elementor-open-lightbox=\"yes\" data-elementor-lightbox-slideshow=\"a13623c\" data-elementor-lightbox-title=\"Traktor artikel2 - NORGE_Page_1_Image_0001\" data-e-action-hash=\"#elementor-action%3Aaction%3Dlightbox%26settings%3DeyJpZCI6NDIzMywidXJsIjoiaHR0cHM6XC9cL3RlbnN0YXJzaW11bGF0aW9uLmNvbVwvd3AtY29udGVudFwvdXBsb2Fkc1wvMjAyNFwvMDFcL1RyYWt0b3ItYXJ0aWtlbDItTk9SR0VfUGFnZV8xX0ltYWdlXzAwMDEtc2NhbGVkLmpwZyIsInNsaWRlc2hvdyI6ImExMzYyM2MifQ%3D%3D\" href=\"https:\/\/tenstarsimulation.com\/wp-content\/uploads\/2024\/01\/Traktor-artikel2-NORGE_Page_1_Image_0001-scaled.jpg\"><figure class=\"swiper-slide-inner\"><img decoding=\"async\" class=\"swiper-slide-image\" src=\"https:\/\/tenstarsimulation.com\/wp-content\/uploads\/2024\/01\/Traktor-artikel2-NORGE_Page_1_Image_0001-scaled.jpg\" alt=\"Traktor artikel2 - NORGE_Page_1_Image_0001\" \/><\/figure><\/a><\/div><div class=\"swiper-slide\" role=\"group\" aria-roledescription=\"slide\" aria-label=\"6 of 6\"><a data-elementor-open-lightbox=\"yes\" data-elementor-lightbox-slideshow=\"a13623c\" data-elementor-lightbox-title=\"Traktor artikel2 - NORGE_Page_2_Image_0001\" data-e-action-hash=\"#elementor-action%3Aaction%3Dlightbox%26settings%3DeyJpZCI6NDIzOCwidXJsIjoiaHR0cHM6XC9cL3RlbnN0YXJzaW11bGF0aW9uLmNvbVwvd3AtY29udGVudFwvdXBsb2Fkc1wvMjAyNFwvMDFcL1RyYWt0b3ItYXJ0aWtlbDItTk9SR0VfUGFnZV8yX0ltYWdlXzAwMDEtc2NhbGVkLmpwZyIsInNsaWRlc2hvdyI6ImExMzYyM2MifQ%3D%3D\" href=\"https:\/\/tenstarsimulation.com\/wp-content\/uploads\/2024\/01\/Traktor-artikel2-NORGE_Page_2_Image_0001-scaled.jpg\"><figure class=\"swiper-slide-inner\"><img decoding=\"async\" class=\"swiper-slide-image\" src=\"https:\/\/tenstarsimulation.com\/wp-content\/uploads\/2024\/01\/Traktor-artikel2-NORGE_Page_2_Image_0001-scaled.jpg\" alt=\"Traktor artikel2 - NORGE_Page_2_Image_0001\" \/><\/figure><\/a><\/div>\t\t\t<\/div>\n\t\t\t\t\t\t\t\t\t\t\t\t<div class=\"elementor-swiper-button elementor-swiper-button-prev\" role=\"button\" tabindex=\"0\">\n\t\t\t\t\t\t<i aria-hidden=\"true\" class=\"eicon-chevron-left\"><\/i>\t\t\t\t\t<\/div>\n\t\t\t\t\t<div class=\"elementor-swiper-button elementor-swiper-button-next\" role=\"button\" tabindex=\"0\">\n\t\t\t\t\t\t<i aria-hidden=\"true\" class=\"eicon-chevron-right\"><\/i>\t\t\t\t\t<\/div>\n\t\t\t\t\n\t\t\t\t\t\t\t\t\t<div class=\"swiper-pagination\"><\/div>\n\t\t\t\t\t\t\t\t\t<\/div>\n\t\t\t\t\t\t<\/div>\n\t\t\t\t<\/div>\n\t\t\t\t\t<\/div>\n\t\t\t\t<\/div>\n\t\t\t\t<\/div>\n\t\t","protected":false},"excerpt":{"rendered":"<p>Tapaustutkimukset &#8221;Pyrimme k\u00e4ytt\u00e4m\u00e4\u00e4n simulaattoria meid\u00e4n jatkeena, jotta voimme tarjota opiskelijoille ymp\u00e4rist\u00f6yst\u00e4v\u00e4llisemm\u00e4n, kustannustehokkaamman ja sujuvamman tavan harjoitella.&#8221; Alexandra Larssonomistaja Rosa Kortet driving schoo &#8221;Ajamme paljon autolla, mik\u00e4 kuluttaa paljon dieseli\u00e4, ja olemme laskeneet, ett\u00e4 ymp\u00e4rist\u00f6vaikutukset ovat v\u00e4hentyneet noin 30 prosenttia simulaattoreiden hankkimisen j\u00e4lkeen.&#8221; Mikael BryngelssonOpettaja Maatalousohjelma &#8221;Kun k\u00e4yt\u00e4t simulaattoria oikein, sinulla on hyv\u00e4 m\u00e4\u00e4r\u00e4 ennakkotietoa, kun [&hellip;]<\/p>\n","protected":false},"author":2,"featured_media":0,"parent":0,"menu_order":0,"comment_status":"closed","ping_status":"closed","template":"","meta":{"footnotes":""},"class_list":["post-6088","page","type-page","status-publish","hentry"],"_links":{"self":[{"href":"https:\/\/tenstarsimulation.com\/fi\/wp-json\/wp\/v2\/pages\/6088","targetHints":{"allow":["GET"]}}],"collection":[{"href":"https:\/\/tenstarsimulation.com\/fi\/wp-json\/wp\/v2\/pages"}],"about":[{"href":"https:\/\/tenstarsimulation.com\/fi\/wp-json\/wp\/v2\/types\/page"}],"author":[{"embeddable":true,"href":"https:\/\/tenstarsimulation.com\/fi\/wp-json\/wp\/v2\/users\/2"}],"replies":[{"embeddable":true,"href":"https:\/\/tenstarsimulation.com\/fi\/wp-json\/wp\/v2\/comments?post=6088"}],"version-history":[{"count":1,"href":"https:\/\/tenstarsimulation.com\/fi\/wp-json\/wp\/v2\/pages\/6088\/revisions"}],"predecessor-version":[{"id":6098,"href":"https:\/\/tenstarsimulation.com\/fi\/wp-json\/wp\/v2\/pages\/6088\/revisions\/6098"}],"wp:attachment":[{"href":"https:\/\/tenstarsimulation.com\/fi\/wp-json\/wp\/v2\/media?parent=6088"}],"curies":[{"name":"wp","href":"https:\/\/api.w.org\/{rel}","templated":true}]}}