{"id":6021,"date":"2023-11-20T09:22:35","date_gmt":"2023-11-20T08:22:35","guid":{"rendered":"https:\/\/tenstar.kustitutveckling2.se\/tietoja-tenstarista\/"},"modified":"2024-02-05T12:21:54","modified_gmt":"2024-02-05T12:21:54","slug":"tietoja-tenstarista","status":"publish","type":"page","link":"https:\/\/tenstarsimulation.com\/fi\/tietoja-tenstarista\/","title":{"rendered":"Tietoja Tenstarista"},"content":{"rendered":"\t\t<div data-elementor-type=\"wp-page\" data-elementor-id=\"6021\" class=\"elementor elementor-6021 elementor-801\" data-elementor-post-type=\"page\">\n\t\t\t\t<div class=\"elementor-element elementor-element-a803c58 e-flex e-con-boxed e-con e-parent\" data-id=\"a803c58\" data-element_type=\"container\" data-e-type=\"container\">\n\t\t\t\t\t<div class=\"e-con-inner\">\n\t\t\t\t<div class=\"elementor-element elementor-element-9e40251 elementor-widget elementor-widget-spacer\" data-id=\"9e40251\" data-element_type=\"widget\" data-e-type=\"widget\" data-widget_type=\"spacer.default\">\n\t\t\t\t<div class=\"elementor-widget-container\">\n\t\t\t\t\t\t\t<div class=\"elementor-spacer\">\n\t\t\t<div class=\"elementor-spacer-inner\"><\/div>\n\t\t<\/div>\n\t\t\t\t\t\t<\/div>\n\t\t\t\t<\/div>\n\t\t\t\t<div class=\"elementor-element elementor-element-d328de1 elementor-widget elementor-widget-heading\" data-id=\"d328de1\" data-element_type=\"widget\" data-e-type=\"widget\" data-widget_type=\"heading.default\">\n\t\t\t\t<div class=\"elementor-widget-container\">\n\t\t\t\t\t<h1 class=\"elementor-heading-title elementor-size-default\">TERVETULOA\nSIMULAATION MAAILMAAN!\n<\/h1>\t\t\t\t<\/div>\n\t\t\t\t<\/div>\n\t\t\t\t<div class=\"elementor-element elementor-element-b8a1391 elementor-widget elementor-widget-text-editor\" data-id=\"b8a1391\" data-element_type=\"widget\" data-e-type=\"widget\" data-widget_type=\"text-editor.default\">\n\t\t\t\t<div class=\"elementor-widget-container\">\n\t\t\t\t\t\t\t\t\t<p><span class=\"ui-provider ee bha bhb bhc bhd bhe bhf bhg bhh bhi bhj bhk bhl bhm bhn bho bhp bhq bhr bhs bht bhu bhv bhw bhx bhy bhz bia bib bic bid bie bif big bih\" dir=\"ltr\">Tenstar Simulationilla on visio muuttaa maailmaa.<br \/>\nKehit\u00e4mme ja myymme simulaatiopohjaisia koulutusv\u00e4lineit\u00e4 kouluille ja koulutusyrityksille maatalouden, rakentamisen, kuljetuksen, liikenteen ja mets\u00e4talouden aloille.<br \/>\nN\u00e4in edist\u00e4mme tehokkaampaa, turvallisempaa ja ymp\u00e4rist\u00f6yst\u00e4v\u00e4llisemp\u00e4\u00e4 koulutusymp\u00e4rist\u00f6\u00e4 tulevaisuuden kone- ja ajoneuvok\u00e4ytt\u00e4jille.    <\/span><\/p>\n\t\t\t\t\t\t\t\t<\/div>\n\t\t\t\t<\/div>\n\t\t\t\t<div class=\"elementor-element elementor-element-e190c8e elementor-widget elementor-widget-text-editor\" data-id=\"e190c8e\" data-element_type=\"widget\" data-e-type=\"widget\" data-widget_type=\"text-editor.default\">\n\t\t\t\t<div class=\"elementor-widget-container\">\n\t\t\t\t\t\t\t\t\t<div class=\" col-md-12 column\">\n<p>Mielest\u00e4mme simulaattorin on oltava realistinen ja siihen on yhdistett\u00e4v\u00e4 menetelm\u00e4llisi\u00e4 oppimisv\u00e4lineit\u00e4, jotta se olisi tehokas koulutusv\u00e4line.<br \/>\nSiksi panostamme paljon siihen, ett\u00e4 voimme tarjota juuri t\u00e4t\u00e4.<br \/>\nLaajojen harjoitusohjelmien ja tehokkaiden oppimisty\u00f6kalujen, ammattimaisen laitteiston ja todenmukaisen grafiikan avulla k\u00e4ytt\u00e4j\u00e4t harjoittelevat realistisissa virtuaalisissa harjoitusymp\u00e4rist\u00f6iss\u00e4.    <\/p>\n<\/p>\n<p>Yrityksen perusti vuonna 2009 Freddy Lund, joka on yrityksen omistaja ja toimitusjohtaja.<br \/>\nH\u00e4nen visionsa on suuri osa siit\u00e4, mit\u00e4 olemme t\u00e4n\u00e4\u00e4n ja mihin olemme menossa.<br \/>\nOlemme nopeasti kasvava ja innovatiivinen yritys, joka laajenee ymp\u00e4ri maailmaa ja kasvaa edelleen kaikin tavoin.  <\/p>\n<\/p>\n<p>P\u00e4\u00e4konttorimme sijaitsee Tanumshedess\u00e4 Pohjois-Bohusl\u00e4niss\u00e4, Ruotsissa, mutta olemme eritt\u00e4in globaali yritys, jolla on myyntiedustajia ja j\u00e4lleenmyyji\u00e4 kaikkialla maailmassa.<br \/>\nSimulaattoreitamme on joka mantereella, ja olemme vasta alussa. <\/p>\n<\/p>\n<\/div>\n\t\t\t\t\t\t\t\t<\/div>\n\t\t\t\t<\/div>\n\t\t\t\t\t<\/div>\n\t\t\t\t<\/div>\n\t\t<div class=\"elementor-element elementor-element-4f360b1 e-flex e-con-boxed e-con e-parent\" data-id=\"4f360b1\" data-element_type=\"container\" data-e-type=\"container\">\n\t\t\t\t\t<div class=\"e-con-inner\">\n\t\t\t\t<div class=\"elementor-element elementor-element-0dce081 elementor-widget elementor-widget-heading\" data-id=\"0dce081\" data-element_type=\"widget\" data-e-type=\"widget\" data-widget_type=\"heading.default\">\n\t\t\t\t<div class=\"elementor-widget-container\">\n\t\t\t\t\t<h2 class=\"elementor-heading-title elementor-size-default\">Teht\u00e4v\u00e4mme on minimoida p\u00e4\u00e4st\u00f6t, lis\u00e4t\u00e4 tehokkuutta ja parantaa turvallisuutta koneiden ja ajoneuvojen k\u00e4ytt\u00e4j\u00e4koulutuksen aikana ja sen j\u00e4lkeen.<\/h2>\t\t\t\t<\/div>\n\t\t\t\t<\/div>\n\t\t\t\t<div class=\"elementor-element elementor-element-bf81d57 elementor-widget elementor-widget-spacer\" data-id=\"bf81d57\" data-element_type=\"widget\" data-e-type=\"widget\" data-widget_type=\"spacer.default\">\n\t\t\t\t<div class=\"elementor-widget-container\">\n\t\t\t\t\t\t\t<div class=\"elementor-spacer\">\n\t\t\t<div class=\"elementor-spacer-inner\"><\/div>\n\t\t<\/div>\n\t\t\t\t\t\t<\/div>\n\t\t\t\t<\/div>\n\t\t\t\t\t<\/div>\n\t\t\t\t<\/div>\n\t\t\t\t<\/div>\n\t\t","protected":false},"excerpt":{"rendered":"<p>TERVETULOA SIMULAATION MAAILMAAN! Tenstar Simulationilla on visio muuttaa maailmaa. Kehit\u00e4mme ja myymme simulaatiopohjaisia koulutusv\u00e4lineit\u00e4 kouluille ja koulutusyrityksille maatalouden, rakentamisen, kuljetuksen, liikenteen ja mets\u00e4talouden aloille. N\u00e4in edist\u00e4mme tehokkaampaa, turvallisempaa ja ymp\u00e4rist\u00f6yst\u00e4v\u00e4llisemp\u00e4\u00e4 koulutusymp\u00e4rist\u00f6\u00e4 tulevaisuuden kone- ja ajoneuvok\u00e4ytt\u00e4jille. Mielest\u00e4mme simulaattorin on oltava realistinen ja siihen on yhdistett\u00e4v\u00e4 menetelm\u00e4llisi\u00e4 oppimisv\u00e4lineit\u00e4, jotta se olisi tehokas koulutusv\u00e4line. Siksi panostamme paljon siihen, [&hellip;]<\/p>\n","protected":false},"author":2,"featured_media":0,"parent":0,"menu_order":0,"comment_status":"closed","ping_status":"closed","template":"","meta":{"footnotes":""},"class_list":["post-6021","page","type-page","status-publish","hentry"],"_links":{"self":[{"href":"https:\/\/tenstarsimulation.com\/fi\/wp-json\/wp\/v2\/pages\/6021","targetHints":{"allow":["GET"]}}],"collection":[{"href":"https:\/\/tenstarsimulation.com\/fi\/wp-json\/wp\/v2\/pages"}],"about":[{"href":"https:\/\/tenstarsimulation.com\/fi\/wp-json\/wp\/v2\/types\/page"}],"author":[{"embeddable":true,"href":"https:\/\/tenstarsimulation.com\/fi\/wp-json\/wp\/v2\/users\/2"}],"replies":[{"embeddable":true,"href":"https:\/\/tenstarsimulation.com\/fi\/wp-json\/wp\/v2\/comments?post=6021"}],"version-history":[{"count":3,"href":"https:\/\/tenstarsimulation.com\/fi\/wp-json\/wp\/v2\/pages\/6021\/revisions"}],"predecessor-version":[{"id":6024,"href":"https:\/\/tenstarsimulation.com\/fi\/wp-json\/wp\/v2\/pages\/6021\/revisions\/6024"}],"wp:attachment":[{"href":"https:\/\/tenstarsimulation.com\/fi\/wp-json\/wp\/v2\/media?parent=6021"}],"curies":[{"name":"wp","href":"https:\/\/api.w.org\/{rel}","templated":true}]}}