{"id":6036,"date":"2023-11-20T09:22:35","date_gmt":"2023-11-20T08:22:35","guid":{"rendered":"https:\/\/tenstar.kustitutveckling2.se\/ueber-tenstar\/"},"modified":"2024-02-06T08:54:27","modified_gmt":"2024-02-06T08:54:27","slug":"ueber-tenstar","status":"publish","type":"page","link":"https:\/\/tenstarsimulation.com\/de\/ueber-tenstar\/","title":{"rendered":"\u00dcber Tenstar"},"content":{"rendered":"\t\t<div data-elementor-type=\"wp-page\" data-elementor-id=\"6036\" class=\"elementor elementor-6036 elementor-801\" data-elementor-post-type=\"page\">\n\t\t\t\t<div class=\"elementor-element elementor-element-a803c58 e-flex e-con-boxed e-con e-parent\" data-id=\"a803c58\" data-element_type=\"container\" data-e-type=\"container\">\n\t\t\t\t\t<div class=\"e-con-inner\">\n\t\t\t\t<div class=\"elementor-element elementor-element-9e40251 elementor-widget elementor-widget-spacer\" data-id=\"9e40251\" data-element_type=\"widget\" data-e-type=\"widget\" data-widget_type=\"spacer.default\">\n\t\t\t\t<div class=\"elementor-widget-container\">\n\t\t\t\t\t\t\t<div class=\"elementor-spacer\">\n\t\t\t<div class=\"elementor-spacer-inner\"><\/div>\n\t\t<\/div>\n\t\t\t\t\t\t<\/div>\n\t\t\t\t<\/div>\n\t\t\t\t<div class=\"elementor-element elementor-element-d328de1 elementor-widget elementor-widget-heading\" data-id=\"d328de1\" data-element_type=\"widget\" data-e-type=\"widget\" data-widget_type=\"heading.default\">\n\t\t\t\t<div class=\"elementor-widget-container\">\n\t\t\t\t\t<h1 class=\"elementor-heading-title elementor-size-default\">WILLKOMMEN IN UNSERER\nWELT DER SIMULATION!\n<\/h1>\t\t\t\t<\/div>\n\t\t\t\t<\/div>\n\t\t\t\t<div class=\"elementor-element elementor-element-b8a1391 elementor-widget elementor-widget-text-editor\" data-id=\"b8a1391\" data-element_type=\"widget\" data-e-type=\"widget\" data-widget_type=\"text-editor.default\">\n\t\t\t\t<div class=\"elementor-widget-container\">\n\t\t\t\t\t\t\t\t\t<p><span class=\"ui-provider ee bha bhb bhc bhd bhe bhf bhg bhh bhi bhj bhk bhl bhm bhn bho bhp bhq bhr bhs bht bhu bhv bhw bhx bhy bhz bia bib bic bid bie bif big bih\" dir=\"ltr\">Tenstar Simulation hat die Vision, die Welt zu ver\u00e4ndern.<br \/>\nWir entwickeln und vertreiben simulationsbasierte Trainingswerkzeuge f\u00fcr Schulen und Ausbildungsbetriebe in den Bereichen Landwirtschaft, Bau, Transport, Verkehr und Forstwirtschaft.<br \/>\nDamit tragen wir zu einer effizienteren, sicheren und umweltfreundlichen Ausbildungsumgebung f\u00fcr die Maschinen- und Fahrzeugf\u00fchrer der Zukunft bei.    <\/span><\/p>\n\t\t\t\t\t\t\t\t<\/div>\n\t\t\t\t<\/div>\n\t\t\t\t<div class=\"elementor-element elementor-element-e190c8e elementor-widget elementor-widget-text-editor\" data-id=\"e190c8e\" data-element_type=\"widget\" data-e-type=\"widget\" data-widget_type=\"text-editor.default\">\n\t\t\t\t<div class=\"elementor-widget-container\">\n\t\t\t\t\t\t\t\t\t<div class=\" col-md-12 column\">\n<p>Wir sind der Meinung, dass ein Simulator nur dann ein wirksames Schulungsinstrument sein kann, wenn er realistisch ist und mit methodischen Lernmitteln kombiniert wird.<br \/>\nDeshalb haben wir uns sehr bem\u00fcht, genau das zu bieten.<br \/>\nMit umfangreichen \u00dcbungsprogrammen und effektiven Lernwerkzeugen, gepaart mit professioneller Hardware und lebensechter Grafik, trainieren die Benutzer in realistischen virtuellen Trainingsumgebungen.    <\/p>\n<\/p>\n<p>Das Unternehmen wurde 2009 von Freddy Lund gegr\u00fcndet, dem Eigent\u00fcmer und CEO des Unternehmens.<br \/>\nSeine Vision ist ein gro\u00dfer Teil dessen, was wir heute sind und wohin wir uns entwickeln.<br \/>\nWir sind ein schnell wachsendes und innovatives Unternehmen, das in die ganze Welt expandiert und in jeder Hinsicht weiter w\u00e4chst.  <\/p>\n<\/p>\n<p>Unser Hauptsitz befindet sich in Tanumshede im n\u00f6rdlichen Bohusl\u00e4n, Schweden, aber wir sind ein sehr globales Unternehmen mit Verkaufsvertretern und Wiederverk\u00e4ufern in der ganzen Welt.<br \/>\nUnsere Simulatoren gibt es auf allen Kontinenten, und wir stehen erst am Anfang. <\/p>\n<\/p>\n<\/div>\n\t\t\t\t\t\t\t\t<\/div>\n\t\t\t\t<\/div>\n\t\t\t\t\t<\/div>\n\t\t\t\t<\/div>\n\t\t<div class=\"elementor-element elementor-element-4f360b1 e-flex e-con-boxed e-con e-parent\" data-id=\"4f360b1\" data-element_type=\"container\" data-e-type=\"container\">\n\t\t\t\t\t<div class=\"e-con-inner\">\n\t\t\t\t<div class=\"elementor-element elementor-element-0dce081 elementor-widget elementor-widget-heading\" data-id=\"0dce081\" data-element_type=\"widget\" data-e-type=\"widget\" data-widget_type=\"heading.default\">\n\t\t\t\t<div class=\"elementor-widget-container\">\n\t\t\t\t\t<h2 class=\"elementor-heading-title elementor-size-default\">Unser Ziel ist es, die Emissionen zu minimieren, die Effizienz zu erh\u00f6hen und die Sicherheit w\u00e4hrend und nach der Schulung der Benutzer von Maschinen und Fahrzeugen zu verbessern.<\/h2>\t\t\t\t<\/div>\n\t\t\t\t<\/div>\n\t\t\t\t<div class=\"elementor-element elementor-element-bf81d57 elementor-widget elementor-widget-spacer\" data-id=\"bf81d57\" data-element_type=\"widget\" data-e-type=\"widget\" data-widget_type=\"spacer.default\">\n\t\t\t\t<div class=\"elementor-widget-container\">\n\t\t\t\t\t\t\t<div class=\"elementor-spacer\">\n\t\t\t<div class=\"elementor-spacer-inner\"><\/div>\n\t\t<\/div>\n\t\t\t\t\t\t<\/div>\n\t\t\t\t<\/div>\n\t\t\t\t\t<\/div>\n\t\t\t\t<\/div>\n\t\t\t\t<\/div>\n\t\t","protected":false},"excerpt":{"rendered":"<p>WILLKOMMEN IN UNSERER WELT DER SIMULATION! Tenstar Simulation hat die Vision, die Welt zu ver\u00e4ndern. Wir entwickeln und vertreiben simulationsbasierte Trainingswerkzeuge f\u00fcr Schulen und Ausbildungsbetriebe in den Bereichen Landwirtschaft, Bau, Transport, Verkehr und Forstwirtschaft. Damit tragen wir zu einer effizienteren, sicheren und umweltfreundlichen Ausbildungsumgebung f\u00fcr die Maschinen- und Fahrzeugf\u00fchrer der Zukunft bei. Wir sind der [&hellip;]<\/p>\n","protected":false},"author":2,"featured_media":0,"parent":0,"menu_order":0,"comment_status":"closed","ping_status":"closed","template":"","meta":{"footnotes":""},"class_list":["post-6036","page","type-page","status-publish","hentry"],"_links":{"self":[{"href":"https:\/\/tenstarsimulation.com\/de\/wp-json\/wp\/v2\/pages\/6036","targetHints":{"allow":["GET"]}}],"collection":[{"href":"https:\/\/tenstarsimulation.com\/de\/wp-json\/wp\/v2\/pages"}],"about":[{"href":"https:\/\/tenstarsimulation.com\/de\/wp-json\/wp\/v2\/types\/page"}],"author":[{"embeddable":true,"href":"https:\/\/tenstarsimulation.com\/de\/wp-json\/wp\/v2\/users\/2"}],"replies":[{"embeddable":true,"href":"https:\/\/tenstarsimulation.com\/de\/wp-json\/wp\/v2\/comments?post=6036"}],"version-history":[{"count":1,"href":"https:\/\/tenstarsimulation.com\/de\/wp-json\/wp\/v2\/pages\/6036\/revisions"}],"predecessor-version":[{"id":6041,"href":"https:\/\/tenstarsimulation.com\/de\/wp-json\/wp\/v2\/pages\/6036\/revisions\/6041"}],"wp:attachment":[{"href":"https:\/\/tenstarsimulation.com\/de\/wp-json\/wp\/v2\/media?parent=6036"}],"curies":[{"name":"wp","href":"https:\/\/api.w.org\/{rel}","templated":true}]}}